{"id":11016,"date":"2024-11-10T13:04:08","date_gmt":"2024-11-10T10:04:08","guid":{"rendered":"https:\/\/natr.com.tr\/%d0%ba%d0%be%d1%80%d0%b7%d0%b8%d0%bd%d0%b0\/"},"modified":"2025-07-01T17:40:37","modified_gmt":"2025-07-01T14:40:37","slug":"cart","status":"publish","type":"page","link":"https:\/\/natr.com.tr\/ru\/cart\/","title":{"rendered":"\u041a\u043e\u0440\u0437\u0438\u043d\u0430"},"content":{"rendered":"\r\n<div data-block-name=\"woocommerce\/cart\" class=\"wp-block-woocommerce-cart alignwide is-loading\">\r\n<div data-block-name=\"woocommerce\/filled-cart-block\" class=\"wp-block-woocommerce-filled-cart-block\">\r\n<div data-block-name=\"woocommerce\/cart-items-block\" class=\"wp-block-woocommerce-cart-items-block\">\r\n<div data-block-name=\"woocommerce\/cart-line-items-block\" class=\"wp-block-woocommerce-cart-line-items-block\">\u00a0<\/div>\r\n\r\n\r\n\r\n<div data-block-name=\"woocommerce\/cart-cross-sells-block\" class=\"wp-block-woocommerce-cart-cross-sells-block\">\r\n<h2 class=\"wp-block-heading has-large-font-size\">\u0412\u043e\u0437\u043c\u043e\u0436\u043d\u043e, \u0412\u0430\u0441 \u0437\u0430\u0438\u043d\u0442\u0435\u0440\u0435\u0441\u0443\u0435\u0442&#8230;<\/h2>\r\n\r\n\r\n\r\n<div data-block-name=\"woocommerce\/cart-cross-sells-products-block\" class=\"wp-block-woocommerce-cart-cross-sells-products-block\">\u00a0<\/div>\r\n<\/div>\r\n<\/div>\r\n\r\n\r\n\r\n<div data-block-name=\"woocommerce\/cart-totals-block\" class=\"wp-block-woocommerce-cart-totals-block\">\r\n<div data-block-name=\"woocommerce\/cart-order-summary-block\" class=\"wp-block-woocommerce-cart-order-summary-block\">\r\n<div data-block-name=\"woocommerce\/cart-order-summary-heading-block\" class=\"wp-block-woocommerce-cart-order-summary-heading-block\">\u00a0<\/div>\r\n\r\n\r\n\r\n<div data-block-name=\"woocommerce\/cart-order-summary-coupon-form-block\" class=\"wp-block-woocommerce-cart-order-summary-coupon-form-block\">\u00a0<\/div>\r\n\r\n\r\n\r\n\r\n\r\n\r\n\r\n\r\n\r\n\r\n\r\n\r\n\r\n\r\n\r\n\r\n\r\n\r\n\r\n<div data-block-name=\"woocommerce\/cart-order-summary-totals-block\" class=\"wp-block-woocommerce-cart-order-summary-totals-block\">\n<div data-block-name=\"woocommerce\/cart-order-summary-subtotal-block\" class=\"wp-block-woocommerce-cart-order-summary-subtotal-block\">\u00a0<\/div>\n<div data-block-name=\"woocommerce\/cart-order-summary-discount-block\" class=\"wp-block-woocommerce-cart-order-summary-discount-block\">\u00a0<\/div>\n<div data-block-name=\"woocommerce\/cart-order-summary-fee-block\" class=\"wp-block-woocommerce-cart-order-summary-fee-block\">\u00a0<\/div>\n<div data-block-name=\"woocommerce\/cart-order-summary-shipping-block\" class=\"wp-block-woocommerce-cart-order-summary-shipping-block\">\u00a0<\/div>\n<div data-block-name=\"woocommerce\/cart-order-summary-taxes-block\" class=\"wp-block-woocommerce-cart-order-summary-taxes-block\">\u00a0<\/div><\/div>\r\n<\/div>\r\n\r\n\r\n\r\n<div data-block-name=\"woocommerce\/cart-express-payment-block\" data-button-border-radius=\"4\" data-button-height=\"48\" data-show-button-styles=\"false\" data-translated-with-w-p-m-l-t-m=\"1\" class=\"wp-block-woocommerce-cart-express-payment-block\">\u00a0<\/div>\r\n\r\n\r\n\r\n<div data-block-name=\"woocommerce\/proceed-to-checkout-block\" class=\"wp-block-woocommerce-proceed-to-checkout-block\">\u00a0<\/div>\r\n\r\n\r\n\r\n<div data-block-name=\"woocommerce\/cart-accepted-payment-methods-block\" class=\"wp-block-woocommerce-cart-accepted-payment-methods-block\">\u00a0<\/div>\r\n<\/div>\r\n<\/div>\r\n\r\n\r\n\r\n<div data-block-name=\"woocommerce\/empty-cart-block\" class=\"wp-block-woocommerce-empty-cart-block\">\r\n<h2 class=\"wp-block-heading has-text-align-center with-empty-cart-icon wc-block-cart__empty-cart__title\">\u0412\u0430\u0448\u0430 \u043a\u043e\u0440\u0437\u0438\u043d\u0430 \u0441\u0435\u0439\u0447\u0430\u0441 \u043f\u0443\u0441\u0442\u0430!<\/h2>\r\n\r\n\r\n<hr class=\"wp-block-separator has-alpha-channel-opacity is-style-dots\" \/>\r\n\r\n\r\n<h2 class=\"wp-block-heading has-text-align-center\">\u041d\u043e\u0432\u0438\u043d\u043a\u0430 \u0432 \u043c\u0430\u0433\u0430\u0437\u0438\u043d\u0435<\/h2>\r\n\r\n\r\n<div data-block-name=\"woocommerce\/product-new\" data-columns=\"4\" data-rows=\"1\" class=\"wc-block-grid wp-block-product-new wp-block-woocommerce-product-new wc-block-product-new has-4-columns\"><ul class=\"wc-block-grid__products\"><li class=\"wc-block-grid__product\">\n\t\t\t\t<a href=\"https:\/\/natr.com.tr\/ru\/urun\/detox\/\" class=\"wc-block-grid__product-link\">\n\t\t\t\t\t<div class=\"wc-block-grid__product-onsale\">\n\t\t\t<span aria-hidden=\"true\">\u0420\u0430\u0441\u043f\u0440\u043e\u0434\u0430\u0436\u0430<\/span>\n\t\t\t<span class=\"screen-reader-text\">\u041f\u0440\u043e\u0434\u0430\u0432\u0430\u0435\u043c\u044b\u0439 \u0442\u043e\u0432\u0430\u0440<\/span>\n\t\t<\/div>\n\t\t\t\t\t<div class=\"wc-block-grid__product-image\"><img decoding=\"async\" width=\"600\" height=\"600\" src=\"https:\/\/natr.com.tr\/wp-content\/uploads\/2025\/11\/1580-1346-550-140-22752-600x600.webp\" class=\"attachment-woocommerce_thumbnail size-woocommerce_thumbnail\" alt=\"Detox NSP - 1580-1346-550-140-22752\" srcset=\"https:\/\/natr.com.tr\/wp-content\/uploads\/2025\/11\/1580-1346-550-140-22752-600x600.webp 600w, https:\/\/natr.com.tr\/wp-content\/uploads\/2025\/11\/1580-1346-550-140-22752-300x300.webp 300w, https:\/\/natr.com.tr\/wp-content\/uploads\/2025\/11\/1580-1346-550-140-22752-1024x1024.webp 1024w, https:\/\/natr.com.tr\/wp-content\/uploads\/2025\/11\/1580-1346-550-140-22752-150x150.webp 150w, https:\/\/natr.com.tr\/wp-content\/uploads\/2025\/11\/1580-1346-550-140-22752-768x768.webp 768w, https:\/\/natr.com.tr\/wp-content\/uploads\/2025\/11\/1580-1346-550-140-22752-1000x1000.webp 1000w, https:\/\/natr.com.tr\/wp-content\/uploads\/2025\/11\/1580-1346-550-140-22752.webp 1080w\" sizes=\"(max-width: 600px) 100vw, 600px\" \/><\/div>\n\t\t\t\t\t<div class=\"wc-block-grid__product-title\">\u0414\u0435\u0442\u043e\u043a\u0441 \u041d\u0421\u041f<\/div>\n\t\t\t\t<\/a>\n\t\t\t\t<div class=\"wc-block-grid__product-price price\"><span class=\"regularprice\"><span class=\"woocommerce-Price-amount amount\"><span class=\"woocommerce-Price-currencySymbol\">&#8378;<\/span>8.622<\/span><span class=\"desc\"> &#8211; \u0420\u043e\u0437\u043d\u0438\u0447\u043d\u0430\u044f \u0446\u0435\u043d\u0430<\/span><\/span><span class=\"saleprice\"><span class=\"woocommerce-Price-amount amount\"><span class=\"woocommerce-Price-currencySymbol\">&#8378;<\/span>5.151<\/span><span class=\"desc\"> &#8211; \u041f\u0430\u0440\u0442\u043d\u0451\u0440\u0441\u043a\u0430\u044f \u0446\u0435\u043d\u0430<\/span><\/span><\/div>\n\t\t\t\t\n\t\t\t\t<div class=\"wp-block-button wc-block-grid__product-add-to-cart\"><a href=\"\/ru\/wp-json\/wp\/v2\/pages\/11016?add-to-cart=12017\" aria-label=\"\u0414\u043e\u0431\u0430\u0432\u0438\u0442\u044c \u0432 \u043a\u043e\u0440\u0437\u0438\u043d\u0443 &laquo;\u0414\u0435\u0442\u043e\u043a\u0441 \u041d\u0421\u041f&raquo;\" data-quantity=\"1\" data-product_id=\"12017\" data-product_sku=\"1580-1346-550-140-22752\" data-price=\"5108\" rel=\"nofollow\" class=\"wp-block-button__link  add_to_cart_button ajax_add_to_cart\">\u0412 \u043a\u043e\u0440\u0437\u0438\u043d\u0443<\/a><\/div>\n\t\t\t<\/li><li class=\"wc-block-grid__product\">\n\t\t\t\t<a href=\"https:\/\/natr.com.tr\/ru\/urun\/peptovit\/\" class=\"wc-block-grid__product-link\">\n\t\t\t\t\t<div class=\"wc-block-grid__product-onsale\">\n\t\t\t<span aria-hidden=\"true\">\u0420\u0430\u0441\u043f\u0440\u043e\u0434\u0430\u0436\u0430<\/span>\n\t\t\t<span class=\"screen-reader-text\">\u041f\u0440\u043e\u0434\u0430\u0432\u0430\u0435\u043c\u044b\u0439 \u0442\u043e\u0432\u0430\u0440<\/span>\n\t\t<\/div>\n\t\t\t\t\t<div class=\"wc-block-grid__product-image\"><img decoding=\"async\" width=\"600\" height=\"600\" src=\"https:\/\/natr.com.tr\/wp-content\/uploads\/2025\/06\/3664-Peptovit-600x600.webp\" class=\"attachment-woocommerce_thumbnail size-woocommerce_thumbnail\" alt=\"Kaps\u00fcll\u00fc kavanoz. Magnezyum ve Serbest Amino Asitler (Peptovit with L-Carnitine &amp; \u041cagnesium) \u0130\u00e7eren Takviye Edici G\u0131da. \u00dcr\u00fcn kodu: 3664\" srcset=\"https:\/\/natr.com.tr\/wp-content\/uploads\/2025\/06\/3664-Peptovit-600x600.webp 600w, https:\/\/natr.com.tr\/wp-content\/uploads\/2025\/06\/3664-Peptovit-300x300.webp 300w, https:\/\/natr.com.tr\/wp-content\/uploads\/2025\/06\/3664-Peptovit-1024x1024.webp 1024w, https:\/\/natr.com.tr\/wp-content\/uploads\/2025\/06\/3664-Peptovit-150x150.webp 150w, https:\/\/natr.com.tr\/wp-content\/uploads\/2025\/06\/3664-Peptovit-768x768.webp 768w, https:\/\/natr.com.tr\/wp-content\/uploads\/2025\/06\/3664-Peptovit-1000x1000.webp 1000w, https:\/\/natr.com.tr\/wp-content\/uploads\/2025\/06\/3664-Peptovit.webp 1080w\" sizes=\"(max-width: 600px) 100vw, 600px\" \/><\/div>\n\t\t\t\t\t<div class=\"wc-block-grid__product-title\">\u041f\u0435\u043f\u0442\u043e\u0432\u0438\u0442 \u0441 L-\u043a\u0430\u0440\u043d\u0438\u0442\u0438\u043d\u043e\u043c \u0438 \u043c\u0430\u0433\u043d\u0438\u0435\u043c &#8211; \u0441\u0432\u043e\u0431\u043e\u0434\u043d\u044b\u0435 \u0430\u043c\u0438\u043d\u043e\u043a\u0438\u0441\u043b\u043e\u0442\u044b (Peptovit with L-Carnitine &amp; \u041cagnesium)<\/div>\n\t\t\t\t<\/a>\n\t\t\t\t<div class=\"wc-block-grid__product-price price\"><span class=\"regularprice\"><span class=\"woocommerce-Price-amount amount\"><span class=\"woocommerce-Price-currencySymbol\">&#8378;<\/span>2.016<\/span><span class=\"desc\"> &#8211; \u0420\u043e\u0437\u043d\u0438\u0447\u043d\u0430\u044f \u0446\u0435\u043d\u0430<\/span><\/span><span class=\"saleprice\"><span class=\"woocommerce-Price-amount amount\"><span class=\"woocommerce-Price-currencySymbol\">&#8378;<\/span>1.309<\/span><span class=\"desc\"> &#8211; \u041f\u0430\u0440\u0442\u043d\u0451\u0440\u0441\u043a\u0430\u044f \u0446\u0435\u043d\u0430<\/span><\/span><\/div>\n\t\t\t\t\n\t\t\t\t<div class=\"wp-block-button wc-block-grid__product-add-to-cart\"><a href=\"https:\/\/natr.com.tr\/ru\/urun\/peptovit\/\" aria-label=\"\u041f\u0440\u043e\u0447\u0438\u0442\u0430\u0439\u0442\u0435 \u0431\u043e\u043b\u044c\u0448\u0435 \u043e &laquo;\u041f\u0435\u043f\u0442\u043e\u0432\u0438\u0442 \u0441 L-\u043a\u0430\u0440\u043d\u0438\u0442\u0438\u043d\u043e\u043c \u0438 \u043c\u0430\u0433\u043d\u0438\u0435\u043c - \u0441\u0432\u043e\u0431\u043e\u0434\u043d\u044b\u0435 \u0430\u043c\u0438\u043d\u043e\u043a\u0438\u0441\u043b\u043e\u0442\u044b (Peptovit with L-Carnitine &amp; \u041cagnesium)&raquo;\" data-quantity=\"1\" data-product_id=\"11104\" data-product_sku=\"3664\" data-price=\"1309\" rel=\"nofollow\" class=\"wp-block-button__link  add_to_cart_button\">\u041f\u043e\u0434\u0440\u043e\u0431\u043d\u0435\u0435<\/a><\/div>\n\t\t\t<\/li><li class=\"wc-block-grid__product\">\n\t\t\t\t<a href=\"https:\/\/natr.com.tr\/ru\/urun\/kalp-sagligi-healthy-heart\/\" class=\"wc-block-grid__product-link\">\n\t\t\t\t\t<div class=\"wc-block-grid__product-onsale\">\n\t\t\t<span aria-hidden=\"true\">\u0420\u0430\u0441\u043f\u0440\u043e\u0434\u0430\u0436\u0430<\/span>\n\t\t\t<span class=\"screen-reader-text\">\u041f\u0440\u043e\u0434\u0430\u0432\u0430\u0435\u043c\u044b\u0439 \u0442\u043e\u0432\u0430\u0440<\/span>\n\t\t<\/div>\n\t\t\t\t\t<div class=\"wc-block-grid__product-image\"><img decoding=\"async\" width=\"600\" height=\"600\" src=\"https:\/\/natr.com.tr\/wp-content\/uploads\/2024\/11\/64218-Heart-600x600.webp\" class=\"attachment-woocommerce_thumbnail size-woocommerce_thumbnail\" alt=\"Kalp Sa\u011fl\u0131\u011f\u0131 (Healthy Heart)\" srcset=\"https:\/\/natr.com.tr\/wp-content\/uploads\/2024\/11\/64218-Heart-600x600.webp 600w, https:\/\/natr.com.tr\/wp-content\/uploads\/2024\/11\/64218-Heart-300x300.webp 300w, https:\/\/natr.com.tr\/wp-content\/uploads\/2024\/11\/64218-Heart-1024x1024.webp 1024w, https:\/\/natr.com.tr\/wp-content\/uploads\/2024\/11\/64218-Heart-150x150.webp 150w, https:\/\/natr.com.tr\/wp-content\/uploads\/2024\/11\/64218-Heart-768x768.webp 768w, https:\/\/natr.com.tr\/wp-content\/uploads\/2024\/11\/64218-Heart-1536x1536.webp 1536w, https:\/\/natr.com.tr\/wp-content\/uploads\/2024\/11\/64218-Heart-1000x999.webp 1000w, https:\/\/natr.com.tr\/wp-content\/uploads\/2024\/11\/64218-Heart.webp 1710w\" sizes=\"(max-width: 600px) 100vw, 600px\" \/><\/div>\n\t\t\t\t\t<div class=\"wc-block-grid__product-title\">Kalp Sa\u011fl\u0131\u011f\u0131 (Healthy Heart)<\/div>\n\t\t\t\t<\/a>\n\t\t\t\t<div class=\"wc-block-grid__product-price price\"><span class=\"regularprice\"><span class=\"woocommerce-Price-amount amount\"><span class=\"woocommerce-Price-currencySymbol\">&#8378;<\/span>10.528<\/span><span class=\"desc\"><\/span><\/span><span class=\"saleprice\"><span class=\"woocommerce-Price-amount amount\"><span class=\"woocommerce-Price-currencySymbol\">&#8378;<\/span>7.520<\/span><span class=\"desc\"><\/span><\/span><\/div>\n\t\t\t\t\n\t\t\t\t<div class=\"wp-block-button wc-block-grid__product-add-to-cart\"><a href=\"https:\/\/natr.com.tr\/ru\/urun\/kalp-sagligi-healthy-heart\/\" aria-label=\"\u041f\u0440\u043e\u0447\u0438\u0442\u0430\u0439\u0442\u0435 \u0431\u043e\u043b\u044c\u0448\u0435 \u043e &laquo;Kalp Sa\u011fl\u0131\u011f\u0131 (Healthy Heart)&raquo;\" data-quantity=\"1\" data-product_id=\"11643\" data-product_sku=\"64218\" data-price=\"7520\" rel=\"nofollow\" class=\"wp-block-button__link  add_to_cart_button\">\u041f\u043e\u0434\u0440\u043e\u0431\u043d\u0435\u0435<\/a><\/div>\n\t\t\t<\/li><li class=\"wc-block-grid__product\">\n\t\t\t\t<a href=\"https:\/\/natr.com.tr\/ru\/urun\/damar-sagligi-healthy-blood-vessels\/\" class=\"wc-block-grid__product-link\">\n\t\t\t\t\t<div class=\"wc-block-grid__product-onsale\">\n\t\t\t<span aria-hidden=\"true\">\u0420\u0430\u0441\u043f\u0440\u043e\u0434\u0430\u0436\u0430<\/span>\n\t\t\t<span class=\"screen-reader-text\">\u041f\u0440\u043e\u0434\u0430\u0432\u0430\u0435\u043c\u044b\u0439 \u0442\u043e\u0432\u0430\u0440<\/span>\n\t\t<\/div>\n\t\t\t\t\t<div class=\"wc-block-grid__product-image\"><img decoding=\"async\" width=\"600\" height=\"600\" src=\"https:\/\/natr.com.tr\/wp-content\/uploads\/2024\/11\/64213-Healthy_blood_vessels-600x600.webp\" class=\"attachment-woocommerce_thumbnail size-woocommerce_thumbnail\" alt=\"Damar Sa\u011fl\u0131\u011f\u0131 (Healthy blood vessels)\" srcset=\"https:\/\/natr.com.tr\/wp-content\/uploads\/2024\/11\/64213-Healthy_blood_vessels-600x600.webp 600w, https:\/\/natr.com.tr\/wp-content\/uploads\/2024\/11\/64213-Healthy_blood_vessels-300x300.webp 300w, https:\/\/natr.com.tr\/wp-content\/uploads\/2024\/11\/64213-Healthy_blood_vessels-1024x1024.webp 1024w, https:\/\/natr.com.tr\/wp-content\/uploads\/2024\/11\/64213-Healthy_blood_vessels-150x150.webp 150w, https:\/\/natr.com.tr\/wp-content\/uploads\/2024\/11\/64213-Healthy_blood_vessels-768x768.webp 768w, https:\/\/natr.com.tr\/wp-content\/uploads\/2024\/11\/64213-Healthy_blood_vessels-1000x1000.webp 1000w, https:\/\/natr.com.tr\/wp-content\/uploads\/2024\/11\/64213-Healthy_blood_vessels.webp 1433w\" sizes=\"(max-width: 600px) 100vw, 600px\" \/><\/div>\n\t\t\t\t\t<div class=\"wc-block-grid__product-title\">Damar Sa\u011fl\u0131\u011f\u0131 (Healthy blood vessels)<\/div>\n\t\t\t\t<\/a>\n\t\t\t\t<div class=\"wc-block-grid__product-price price\"><span class=\"regularprice\"><span class=\"woocommerce-Price-amount amount\"><span class=\"woocommerce-Price-currencySymbol\">&#8378;<\/span>10.523<\/span><span class=\"desc\"><\/span><\/span><span class=\"saleprice\"><span class=\"woocommerce-Price-amount amount\"><span class=\"woocommerce-Price-currencySymbol\">&#8378;<\/span>7.516<\/span><span class=\"desc\"><\/span><\/span><\/div>\n\t\t\t\t\n\t\t\t\t<div class=\"wp-block-button wc-block-grid__product-add-to-cart\"><a href=\"https:\/\/natr.com.tr\/ru\/urun\/damar-sagligi-healthy-blood-vessels\/\" aria-label=\"\u041f\u0440\u043e\u0447\u0438\u0442\u0430\u0439\u0442\u0435 \u0431\u043e\u043b\u044c\u0448\u0435 \u043e &laquo;Damar Sa\u011fl\u0131\u011f\u0131 (Healthy blood vessels)&raquo;\" data-quantity=\"1\" data-product_id=\"11642\" data-product_sku=\"64213\" data-price=\"7516\" rel=\"nofollow\" class=\"wp-block-button__link  add_to_cart_button\">\u041f\u043e\u0434\u0440\u043e\u0431\u043d\u0435\u0435<\/a><\/div>\n\t\t\t<\/li><\/ul><\/div><\/div>\r\n<\/div>\r\n","protected":false},"excerpt":{"rendered":"\u00a0 \u0412\u043e\u0437\u043c\u043e\u0436\u043d\u043e, \u0412\u0430\u0441 \u0437\u0430\u0438\u043d\u0442\u0435\u0440\u0435\u0441\u0443\u0435\u0442... \u00a0 \u00a0 \u00a0 \u00a0 \u00a0 \u00a0 \u00a0 \u00a0 \u00a0 \u00a0 \u00a0 \u0412\u0430\u0448\u0430 \u043a\u043e\u0440\u0437\u0438\u043d\u0430 \u0441\u0435\u0439\u0447\u0430\u0441 \u043f\u0443\u0441\u0442\u0430! \u041d\u043e\u0432\u0438\u043d\u043a\u0430","protected":false},"author":1,"featured_media":0,"parent":0,"menu_order":0,"comment_status":"closed","ping_status":"closed","template":"","meta":{"_acf_changed":false,"footnotes":""},"class_list":["post-11016","page","type-page","status-publish","hentry"],"acf":[],"_links":{"self":[{"href":"https:\/\/natr.com.tr\/ru\/wp-json\/wp\/v2\/pages\/11016","targetHints":{"allow":["GET"]}}],"collection":[{"href":"https:\/\/natr.com.tr\/ru\/wp-json\/wp\/v2\/pages"}],"about":[{"href":"https:\/\/natr.com.tr\/ru\/wp-json\/wp\/v2\/types\/page"}],"author":[{"embeddable":true,"href":"https:\/\/natr.com.tr\/ru\/wp-json\/wp\/v2\/users\/1"}],"replies":[{"embeddable":true,"href":"https:\/\/natr.com.tr\/ru\/wp-json\/wp\/v2\/comments?post=11016"}],"version-history":[{"count":5,"href":"https:\/\/natr.com.tr\/ru\/wp-json\/wp\/v2\/pages\/11016\/revisions"}],"predecessor-version":[{"id":11263,"href":"https:\/\/natr.com.tr\/ru\/wp-json\/wp\/v2\/pages\/11016\/revisions\/11263"}],"wp:attachment":[{"href":"https:\/\/natr.com.tr\/ru\/wp-json\/wp\/v2\/media?parent=11016"}],"curies":[{"name":"wp","href":"https:\/\/api.w.org\/{rel}","templated":true}]}}