{"id":11129,"date":"2023-06-06T11:03:57","date_gmt":"2023-06-06T08:03:57","guid":{"rendered":"https:\/\/natr.com.tr\/%d1%81%d1%80%d0%b0%d0%b2%d0%bd%d0%b5%d0%bd%d0%b8%d0%b5\/"},"modified":"2025-07-01T17:39:40","modified_gmt":"2025-07-01T14:39:40","slug":"compare","status":"publish","type":"page","link":"https:\/\/natr.com.tr\/ru\/compare\/","title":{"rendered":"\u0421\u0440\u0430\u0432\u043d\u0435\u043d\u0438\u0435"},"content":{"rendered":"<div class=\"wpb-content-wrapper\"><p>[vc_row][vc_column]\t\t<p class=\"wd-empty-compare wd-empty-page\">\n\t\t\tCompare list is empty.\t\t<\/p>\n\t\t\t\t\t<div class=\"wd-empty-page-text\">\n\t\t\t\tKar\u015f\u0131la\u015ft\u0131rma listesine \u00fcr\u00fcn eklenmedi. Kar\u015f\u0131la\u015ft\u0131rmak i\u00e7in \u00fcr\u00fcn eklemelisiniz. \"Ma\u011faza\" sayfam\u0131zda bir\u00e7ok ilgin\u00e7 \u00fcr\u00fcn bulacaks\u0131n\u0131z.\t\t\t<\/div>\n\t\t\t\t<p class=\"return-to-shop\">\n\t\t\t<a class=\"button\" href=\"https:\/\/natr.com.tr\/ru\/%d0%bc%d0%b0%d0%b3%d0%b0%d0%b7%d0%b8%d0%bd\/\">\n\t\t\t\tReturn to shop\t\t\t<\/a>\n\t\t<\/p>\n\t\t[\/vc_column][\/vc_row]<\/p>\n<\/div>","protected":false},"excerpt":{"rendered":"<p>[vc_row][vc_column][\/vc_column][\/vc_row]<\/p>\n","protected":false},"author":1,"featured_media":0,"parent":0,"menu_order":0,"comment_status":"closed","ping_status":"closed","template":"","meta":{"_acf_changed":false,"footnotes":""},"class_list":["post-11129","page","type-page","status-publish","hentry"],"acf":[],"_links":{"self":[{"href":"https:\/\/natr.com.tr\/ru\/wp-json\/wp\/v2\/pages\/11129","targetHints":{"allow":["GET"]}}],"collection":[{"href":"https:\/\/natr.com.tr\/ru\/wp-json\/wp\/v2\/pages"}],"about":[{"href":"https:\/\/natr.com.tr\/ru\/wp-json\/wp\/v2\/types\/page"}],"author":[{"embeddable":true,"href":"https:\/\/natr.com.tr\/ru\/wp-json\/wp\/v2\/users\/1"}],"replies":[{"embeddable":true,"href":"https:\/\/natr.com.tr\/ru\/wp-json\/wp\/v2\/comments?post=11129"}],"version-history":[{"count":2,"href":"https:\/\/natr.com.tr\/ru\/wp-json\/wp\/v2\/pages\/11129\/revisions"}],"predecessor-version":[{"id":11261,"href":"https:\/\/natr.com.tr\/ru\/wp-json\/wp\/v2\/pages\/11129\/revisions\/11261"}],"wp:attachment":[{"href":"https:\/\/natr.com.tr\/ru\/wp-json\/wp\/v2\/media?parent=11129"}],"curies":[{"name":"wp","href":"https:\/\/api.w.org\/{rel}","templated":true}]}}