{"id":11299,"date":"2024-11-12T16:51:11","date_gmt":"2024-11-12T13:51:11","guid":{"rendered":"https:\/\/natr.com.tr\/urun\/eklemlerinizin-sagligi-health-of-your-joints\/"},"modified":"2026-04-01T20:54:04","modified_gmt":"2026-04-01T17:54:04","slug":"eklemlerinizin-sagligi-health-of-your-joints","status":"publish","type":"product","link":"https:\/\/natr.com.tr\/ru\/urun\/eklemlerinizin-sagligi-health-of-your-joints\/","title":{"rendered":"Eklemlerinizin sa\u011fl\u0131\u011f\u0131 (Health of your joints)"},"content":{"rendered":"<div class=\"wpb-content-wrapper\"><p>[vc_row][vc_column][vc_column_text css=&#8221;&#8221; woodmart_inline=&#8221;no&#8221; text_larger=&#8221;no&#8221;]<\/p>\n<h2>Eklemlerinizin sa\u011fl\u0131\u011f\u0131 (Health of your joints)<\/h2>\n<h3>\u00dcr\u00fcn stok bilgisi i\u00e7in l\u00fctfen aray\u0131n\u0131z<\/h3>\n<p>&nbsp;<\/p>\n<p><a href=\"https:\/\/natr.com.tr\/ru\/urun\/glukozamin-nsp-glucosamine\/\">Glukozamin NSP (Glucosamine)<\/a> &#8211; 3 adet<\/p>\n<p><a href=\"https:\/\/natr.com.tr\/ru\/urun\/kondroitin-chondroitin\/\">Kondroitin (Chondroitin)<\/a> &#8211; 2 adet<\/p>\n<p><a href=\"https:\/\/natr.com.tr\/ru\/urun\/msm\/\">MSM NSP<\/a> &#8211; 1 adet[\/vc_column_text][\/vc_column][\/vc_row]<\/p>\n<\/div>","protected":false},"excerpt":{"rendered":"<ul>\n<li>\u00dcr\u00fcn stok bilgisi i\u00e7in l\u00fctfen aray\u0131n\u0131z.<\/li>\n<\/ul>\n","protected":false},"featured_media":11300,"template":"","meta":{"_acf_changed":false},"product_brand":[],"product_cat":[229],"product_tag":[292],"class_list":{"0":"post-11299","1":"product","2":"type-product","3":"status-publish","4":"has-post-thumbnail","6":"product_cat-229","7":"product_tag-su-an-stokta-ru","9":"first","10":"outofstock","11":"sale","12":"taxable","13":"shipping-taxable","14":"purchasable","15":"product-type-simple"},"acf":[],"_links":{"self":[{"href":"https:\/\/natr.com.tr\/ru\/wp-json\/wp\/v2\/product\/11299","targetHints":{"allow":["GET"]}}],"collection":[{"href":"https:\/\/natr.com.tr\/ru\/wp-json\/wp\/v2\/product"}],"about":[{"href":"https:\/\/natr.com.tr\/ru\/wp-json\/wp\/v2\/types\/product"}],"wp:featuredmedia":[{"embeddable":true,"href":"https:\/\/natr.com.tr\/ru\/wp-json\/wp\/v2\/media\/11300"}],"wp:attachment":[{"href":"https:\/\/natr.com.tr\/ru\/wp-json\/wp\/v2\/media?parent=11299"}],"wp:term":[{"taxonomy":"product_brand","embeddable":true,"href":"https:\/\/natr.com.tr\/ru\/wp-json\/wp\/v2\/product_brand?post=11299"},{"taxonomy":"product_cat","embeddable":true,"href":"https:\/\/natr.com.tr\/ru\/wp-json\/wp\/v2\/product_cat?post=11299"},{"taxonomy":"product_tag","embeddable":true,"href":"https:\/\/natr.com.tr\/ru\/wp-json\/wp\/v2\/product_tag?post=11299"}],"curies":[{"name":"wp","href":"https:\/\/api.w.org\/{rel}","templated":true}]}}