{"id":11301,"date":"2024-11-12T16:51:11","date_gmt":"2024-11-12T13:51:11","guid":{"rendered":"https:\/\/natr.com.tr\/urun\/sigarayi-birakma-help-who-quit-smoking\/"},"modified":"2025-07-11T21:55:30","modified_gmt":"2025-07-11T18:55:30","slug":"sigarayi-birakma-help-who-quit-smoking","status":"publish","type":"product","link":"https:\/\/natr.com.tr\/ru\/urun\/sigarayi-birakma-help-who-quit-smoking\/","title":{"rendered":"Sigaray\u0131 B\u0131rakma (Help who quit smoking)"},"content":{"rendered":"<h2>Sigaray\u0131 B\u0131rakma (Help who quit smoking)<\/h2>\n<h3><strong>\u0421\u043e\u0441\u0442\u0430\u0432:<\/strong><\/h3>\n<p><a href=\"https:\/\/natr.com.tr\/ru\/urun\/cca\/\">CCA 896 <\/a>&#8211; 2 adet<\/p>\n<p><a href=\"https:\/\/natr.com.tr\/ru\/urun\/chlorophyll-liquid\/\">Sodyum Bak\u0131r Klorofilin (Chlorophyll Liquid) 1580 <\/a>&#8211; 1 adet<\/p>\n<p><a href=\"https:\/\/natr.com.tr\/ru\/urun\/lecithin\/\" target=\"_blank\" rel=\"noopener\">Lesitin (Lecithin) 1661 <\/a>&#8211; 1 adet<\/p>\n<p><a href=\"https:\/\/natr.com.tr\/ru\/urun\/5htp-power\/\" target=\"_blank\" rel=\"noopener\">Sibirya Ginsengi ve 5-HTP (5HTP Power) 3088 <\/a>&#8211; 1 adet<\/p>\n","protected":false},"excerpt":{"rendered":"<ul>\n<li>M\u00fcsaitli\u011fi telefonla kontrol edin<\/li>\n<li>Sigaray\u0131 B\u0131rakma (Help who quit smoking)<\/li>\n<li>\u0411\u0410\u0414 (\u0411\u0438\u043e\u043b\u043e\u0433\u0438\u0447\u0435\u0441\u043a\u0438 \u0410\u043a\u0442\u0438\u0432\u043d\u0430\u044f \u0414\u043e\u0431\u0430\u0432\u043a\u0430).<\/li>\n<\/ul>\n","protected":false},"featured_media":11302,"template":"","meta":{"_acf_changed":false},"product_brand":[],"product_cat":[229],"product_tag":[292],"class_list":{"0":"post-11301","1":"product","2":"type-product","3":"status-publish","4":"has-post-thumbnail","6":"product_cat-229","7":"product_tag-su-an-stokta-ru","9":"first","10":"outofstock","11":"sale","12":"taxable","13":"shipping-taxable","14":"purchasable","15":"product-type-simple"},"acf":[],"_links":{"self":[{"href":"https:\/\/natr.com.tr\/ru\/wp-json\/wp\/v2\/product\/11301","targetHints":{"allow":["GET"]}}],"collection":[{"href":"https:\/\/natr.com.tr\/ru\/wp-json\/wp\/v2\/product"}],"about":[{"href":"https:\/\/natr.com.tr\/ru\/wp-json\/wp\/v2\/types\/product"}],"wp:featuredmedia":[{"embeddable":true,"href":"https:\/\/natr.com.tr\/ru\/wp-json\/wp\/v2\/media\/11302"}],"wp:attachment":[{"href":"https:\/\/natr.com.tr\/ru\/wp-json\/wp\/v2\/media?parent=11301"}],"wp:term":[{"taxonomy":"product_brand","embeddable":true,"href":"https:\/\/natr.com.tr\/ru\/wp-json\/wp\/v2\/product_brand?post=11301"},{"taxonomy":"product_cat","embeddable":true,"href":"https:\/\/natr.com.tr\/ru\/wp-json\/wp\/v2\/product_cat?post=11301"},{"taxonomy":"product_tag","embeddable":true,"href":"https:\/\/natr.com.tr\/ru\/wp-json\/wp\/v2\/product_tag?post=11301"}],"curies":[{"name":"wp","href":"https:\/\/api.w.org\/{rel}","templated":true}]}}