{"id":11380,"date":"2024-11-12T16:51:11","date_gmt":"2024-11-12T13:51:11","guid":{"rendered":"https:\/\/natr.com.tr\/urun\/yuz-ve-vucut-icin-kayisili-scrub-light-apricot-cleanser-apri-cleanse\/"},"modified":"2026-04-03T11:19:08","modified_gmt":"2026-04-03T08:19:08","slug":"yuz-ve-vucut-icin-kayisili-scrub-light-apricot-cleanser-apri-cleanse","status":"publish","type":"product","link":"https:\/\/natr.com.tr\/ru\/urun\/yuz-ve-vucut-icin-kayisili-scrub-light-apricot-cleanser-apri-cleanse\/","title":{"rendered":"Y\u00fcz Ve V\u00fccut I\u0307\u00e7in Kay\u0131s\u0131l\u0131 Scrub (Light Apricot Cleanser Apri-Cleanse)"},"content":{"rendered":"<div class=\"wpb-content-wrapper\"><p>[vc_row][vc_column][vc_column_text css=&#8221;&#8221; woodmart_inline=&#8221;no&#8221; text_larger=&#8221;no&#8221;]<\/p>\n<h2>Y\u00fcz Ve V\u00fccut I\u0307\u00e7in Kay\u0131s\u0131l\u0131 Scrub (Light Apricot Cleanser Apri-Cleanse)<\/h2>\n<h3>A\u00e7\u0131klama<\/h3>\n<p>Do\u011fal bir peeling bile\u015feni olan kay\u0131s\u0131 \u00e7ekirde\u011fi tozu sayesinde cildi nazik\u00e7e ve etkili bir \u015fekilde temizleyen nazik bir peeling kremi. Kay\u0131s\u0131 \u00e7ekirde\u011fi eksfoliyan (peeling maddesi) olarak kullan\u0131l\u0131r, cilt y\u00fczeyindeki kirleri nazik\u00e7e temizler ve g\u00f6zenekleri t\u0131kayan \u00f6l\u00fc h\u00fccreleri yok eder. Kay\u0131s\u0131 \u00e7ekirde\u011fi ya\u011f\u0131 cildi m\u00fckemmel \u015fekilde besler.<\/p>\n<p>Ginseng \u00f6z\u00fc ve aloe vera yapra\u011f\u0131 suyu cildin yenilenmesini destekler.<\/p>\n<p>Papatya \u00f6z\u00fc sakinle\u015ftirici, iltihap \u00f6nleyici ve antiseptik etkiye sahiptir.<\/p>\n<p>Ekinezya purpurea k\u00f6k\u00fc ekstresi analjezik etkiye sahiptir, doku gran\u00fclasyonunu uyar\u0131r, fagositlerin aktivitesini artt\u0131r\u0131r (cildin koruyucu fonksiyonunu artt\u0131r\u0131r), iyile\u015fme s\u00fcrecini h\u0131zland\u0131r\u0131r.<\/p>\n<p>Y\u00fcz Ve V\u00fccut I\u0307\u00e7in Kay\u0131s\u0131l\u0131 Scrub (Light Apricot Cleanser Apri-Cleanse)<\/p>\n<p>Ye\u015fil \u00e7ay \u00f6z\u00fc g\u00fc\u00e7l\u00fc bir antioksidand\u0131r.<\/p>\n<p>Do\u011fal bitki \u00f6zleri kar\u0131\u015f\u0131m\u0131 cildin faydal\u0131, iyile\u015ftirici bir etkiye sahiptir, cildi temiz ve p\u00fcr\u00fczs\u00fcz hale getirir.[\/vc_column_text][\/vc_column][\/vc_row]<\/p>\n<\/div>","protected":false},"excerpt":{"rendered":"<ul>\n<li>Cildi nazik\u00e7e ve etkili bir \u015fekilde temizler.<\/li>\n<li>Cildin koruyucu tepkisini art\u0131r\u0131r.<\/li>\n<li>Cilt yap\u0131s\u0131n\u0131 geri kazand\u0131r\u0131r.<\/li>\n<li>Cildin kalitesini art\u0131rarak sa\u011fl\u0131kl\u0131 bir g\u00f6r\u00fcn\u00fcm verir.<\/li>\n<\/ul>\n","protected":false},"featured_media":11381,"template":"","meta":{"_acf_changed":false},"product_brand":[],"product_cat":[229],"product_tag":[292],"class_list":{"0":"post-11380","1":"product","2":"type-product","3":"status-publish","4":"has-post-thumbnail","6":"product_cat-229","7":"product_tag-su-an-stokta-ru","9":"first","10":"outofstock","11":"sale","12":"taxable","13":"shipping-taxable","14":"purchasable","15":"product-type-simple"},"acf":[],"_links":{"self":[{"href":"https:\/\/natr.com.tr\/ru\/wp-json\/wp\/v2\/product\/11380","targetHints":{"allow":["GET"]}}],"collection":[{"href":"https:\/\/natr.com.tr\/ru\/wp-json\/wp\/v2\/product"}],"about":[{"href":"https:\/\/natr.com.tr\/ru\/wp-json\/wp\/v2\/types\/product"}],"wp:featuredmedia":[{"embeddable":true,"href":"https:\/\/natr.com.tr\/ru\/wp-json\/wp\/v2\/media\/11381"}],"wp:attachment":[{"href":"https:\/\/natr.com.tr\/ru\/wp-json\/wp\/v2\/media?parent=11380"}],"wp:term":[{"taxonomy":"product_brand","embeddable":true,"href":"https:\/\/natr.com.tr\/ru\/wp-json\/wp\/v2\/product_brand?post=11380"},{"taxonomy":"product_cat","embeddable":true,"href":"https:\/\/natr.com.tr\/ru\/wp-json\/wp\/v2\/product_cat?post=11380"},{"taxonomy":"product_tag","embeddable":true,"href":"https:\/\/natr.com.tr\/ru\/wp-json\/wp\/v2\/product_tag?post=11380"}],"curies":[{"name":"wp","href":"https:\/\/api.w.org\/{rel}","templated":true}]}}