{"id":11386,"date":"2024-11-12T16:51:07","date_gmt":"2024-11-12T13:51:07","guid":{"rendered":"https:\/\/natr.com.tr\/urun\/gumus-kalkan-jel-silver-shield-gel\/"},"modified":"2026-04-01T19:50:57","modified_gmt":"2026-04-01T16:50:57","slug":"gumus-kalkan-jel-silver-shield-gel","status":"publish","type":"product","link":"https:\/\/natr.com.tr\/ru\/urun\/gumus-kalkan-jel-silver-shield-gel\/","title":{"rendered":"G\u00fcm\u00fc\u015f Kalkan Jel (Silver Shield Gel)"},"content":{"rendered":"<div class=\"wpb-content-wrapper\"><p>[vc_row][vc_column][vc_column_text css=&#8221;&#8221; woodmart_inline=&#8221;no&#8221; text_larger=&#8221;no&#8221;]<\/p>\n<h3>\u00dcr\u00fcn benzersizli\u011fi:<\/h3>\n<p>G\u00fcm\u00fc\u015f Kalkan Jel (Silver Shield Gel) &#8211; Jel etkili bir temizleme ve dezenfeksiyon etkiye sahiptir. \u00dcretiminde \u00f6zel bir patentli Aqua Sol teknolojisi kullan\u0131l\u0131r. Bu teknoloji y\u00f6nteminde cilt i\u00e7in g\u00fcm\u00fc\u015f\u00fcn maksimum biyoyararlan\u0131m\u0131 elde etmek i\u00e7in en k\u00fc\u00e7\u00fck g\u00fcm\u00fc\u015f par\u00e7ac\u0131klar kullan\u0131lmaktad\u0131r. Bu par\u00e7ac\u0131klar, oksijen molek\u00fclleri ile birlikte, yap\u0131s\u0131nda g\u00fcm\u00fc\u015f oksit (Ag4O4) bile\u015fi\u011fi olu\u015fturur. Jel toksik de\u011fildir, alkol i\u00e7ermez, \u00e7ocuklar i\u00e7in kullan\u0131labilir.    <\/p>\n<h4>Avantajlar G\u00fcm\u00fc\u015f Kalkan Jel (Silver Shield Gel)<\/h4>\n<p>Y\u00fcksek g\u00fcm\u00fc\u015f i\u00e7eri\u011fi nedeniyle, y\u00fczey i\u015flemi i\u00e7in \u00e7ok az jel gereklidir. T\u00fcp &#8211; 85 gram a\u011f\u0131rl\u0131\u011f\u0131nda, t\u00fcm aile i\u00e7in bile uzun s\u00fcre yeterlidir. Ayn\u0131 zamanda u\u00e7akta bile kullanmak i\u00e7in uygundur.  <\/p>\n<p>Jel, tedavi edilen alan \u00fczerinde uzun vadeli bir etkiye sahip oldu\u011fu i\u00e7in cilt y\u00fczeyinde g\u00f6r\u00fcnmez bir tabaka olu\u015fturur.<\/p>\n<p>Jel \u00e7ok geni\u015f bir etki yelpazesine sahiptir. \u00c7e\u015fitli \u015fiddetteki yaralanmalar i\u00e7in kullan\u0131labilir. Su ve sabun kullanman\u0131n m\u00fcmk\u00fcn olmad\u0131\u011f\u0131 durumlarda cildinizi temizleyebilirsiniz.  <\/p>\n<p>G\u00fcm\u00fc\u015f iltihab\u0131 hafifletir, \u015fi\u015fli\u011fi azalt\u0131r ve yara izinin olu\u015fmas\u0131n\u0131 \u00f6nler[\/vc_column_text][\/vc_column][\/vc_row]<\/p>\n<\/div>","protected":false},"excerpt":{"rendered":"<ul>\n<li>Mikroplara kar\u015f\u0131 g\u00fc\u00e7l\u00fc bir etkiye sahiptir.<\/li>\n<li>Aktif maddenin maksimum biyolojik yarar\u0131n\u0131 sa\u011flayan koloidal \u00e7\u00f6zelti i\u00e7inde mikroskobik par\u00e7ac\u0131klar \u015feklinde g\u00fcm\u00fc\u015f i\u00e7erir.<\/li>\n<li>5 mg jel 100 mcg g\u00fcm\u00fc\u015f i\u00e7erir.<\/li>\n<li>Toksik de\u011fildir.<\/li>\n<li>Alkol i\u00e7ermez.<\/li>\n<li>\u00c7ocuklar i\u00e7in kullan\u0131m\u0131 g\u00fcvenlidir.<\/li>\n<li>Cildi temizler ve nemlendirir.<\/li>\n<\/ul>\n","protected":false},"featured_media":11387,"template":"","meta":{"_acf_changed":false},"product_brand":[],"product_cat":[291],"product_tag":[],"class_list":{"0":"post-11386","1":"product","2":"type-product","3":"status-publish","4":"has-post-thumbnail","6":"product_cat-kisisel-bakim-urunleri-ru","8":"first","9":"onbackorder","10":"sale","11":"taxable","12":"shipping-taxable","13":"purchasable","14":"product-type-simple"},"acf":[],"_links":{"self":[{"href":"https:\/\/natr.com.tr\/ru\/wp-json\/wp\/v2\/product\/11386","targetHints":{"allow":["GET"]}}],"collection":[{"href":"https:\/\/natr.com.tr\/ru\/wp-json\/wp\/v2\/product"}],"about":[{"href":"https:\/\/natr.com.tr\/ru\/wp-json\/wp\/v2\/types\/product"}],"wp:featuredmedia":[{"embeddable":true,"href":"https:\/\/natr.com.tr\/ru\/wp-json\/wp\/v2\/media\/11387"}],"wp:attachment":[{"href":"https:\/\/natr.com.tr\/ru\/wp-json\/wp\/v2\/media?parent=11386"}],"wp:term":[{"taxonomy":"product_brand","embeddable":true,"href":"https:\/\/natr.com.tr\/ru\/wp-json\/wp\/v2\/product_brand?post=11386"},{"taxonomy":"product_cat","embeddable":true,"href":"https:\/\/natr.com.tr\/ru\/wp-json\/wp\/v2\/product_cat?post=11386"},{"taxonomy":"product_tag","embeddable":true,"href":"https:\/\/natr.com.tr\/ru\/wp-json\/wp\/v2\/product_tag?post=11386"}],"curies":[{"name":"wp","href":"https:\/\/api.w.org\/{rel}","templated":true}]}}