{"id":11459,"date":"2024-11-12T16:51:11","date_gmt":"2024-11-12T13:51:11","guid":{"rendered":"https:\/\/natr.com.tr\/urun\/sunshine-brite-dis-macunu-yesil-cay-yapragi-ozlu\/"},"modified":"2025-11-03T11:01:47","modified_gmt":"2025-11-03T08:01:47","slug":"sunshine-brite-dis-macunu-yesil-cay-yapragi-ozlu","status":"publish","type":"product","link":"https:\/\/natr.com.tr\/ru\/urun\/sunshine-brite-dis-macunu-yesil-cay-yapragi-ozlu\/","title":{"rendered":"Sunshine Brite Di\u015f Macunu (Ye\u015fil \u00c7ay Yapra\u011f\u0131 \u00d6zl\u00fc)"},"content":{"rendered":"<div class=\"wpb-content-wrapper\"><p>[vc_row][vc_column][vc_column_text css=&#8221;&#8221; woodmart_inline=&#8221;no&#8221; text_larger=&#8221;no&#8221;]<\/p>\n<h1 class=\"product_title entry-title\">Sunshine Brite Di\u015f Macunu (Ye\u015fil \u00c7ay Yapra\u011f\u0131 \u00d6zl\u00fc)<\/h1>\n<p>Ye\u015fil \u00e7ay yapra\u011f\u0131 \u00f6z\u00fc i\u00e7eren Sunshine Bright di\u015f macunu, a\u011f\u0131z bo\u015flu\u011fu \u00fczerinde olumlu etkisi olan bir dizi bitkisel bile\u015fen i\u00e7erir;<\/p>\n<p>Silikon dioksit tozu; di\u015flerdeki lekeleri m\u00fckemmel \u015fekilde \u00e7\u0131karan bir sorbenttir.<\/p>\n<p>Sodyum bikarbonat (kabartma tozu) \u2013 di\u015f minesini tahrip eden bakteri asitlerini n\u00f6tralize eder.<\/p>\n<p>Kalsiyum karbonat, lekeleri ve yiyecek art\u0131klar\u0131n\u0131 \u00e7\u0131karan olduk\u00e7a rafine do\u011fal bir tebe\u015firdir.<\/p>\n<p>Stevia (Stevia rebaudiana) \u2013 sadece tatl\u0131 bir tada sahip olmakla kalmay\u0131p ayn\u0131 zamanda bakterilerin ve di\u011fer patojenik mikroorganizmalar\u0131n b\u00fcy\u00fcmesini ve \u00fcremesini engelleyebilen, di\u015f \u00e7\u00fcr\u00fcklerden ve di\u015f etlerini periodontal hastal\u0131ktan koruyan steviositler i\u00e7erir.<\/p>\n<p>Carrageenan (Chondrus crispus), emilim kapasitesine sahip k\u0131rm\u0131z\u0131 alglerin bir polisakkaritidir.<\/p>\n<p>M\u0131s\u0131r ya\u011f\u0131 (Zea mays) \u2013 yumu\u015fat\u0131c\u0131 etkiye sahiptir.<\/p>\n<p>Astragalus \u00f6z\u00fc (Astragalus sinicus) \u2013 a\u011f\u0131z mukozas\u0131 i\u00e7in koruyucu ve iltihap \u00f6nleyici etki sa\u011flar.<\/p>\n<p>M\u00fcr re\u00e7inesi (Commiphora myrrha), di\u015f hekimli\u011finde stomatit ve di\u015f eti iltihab\u0131n\u0131n tedavisi etmek i\u00e7in kullan\u0131lan do\u011fal bir antiseptiktir.<\/p>\n<p>Kanada sar\u0131 k\u00f6k\u00fcn\u00fcn \u00f6z\u00fc (Hydrastis canadensis), m\u00fckemmel bir antiseptiktir, kanamay\u0131 durdurur, periodontal hastal\u0131klarda yard\u0131mc\u0131 olur.<\/p>\n<p>\u0130zlanda yosunu \u00f6z\u00fc (Cetraria islandica) \u2013 a\u011f\u0131z bo\u015flu\u011funun iltihapl\u0131 zarlar\u0131n\u0131 yat\u0131\u015ft\u0131r\u0131r, antibakteriyel etkiye sahiptir.<\/p>\n<p>Ye\u015fil \u00e7ay yapra\u011f\u0131 \u00f6z\u00fc (Camelia sinesis) \u2013 mukoza zar\u0131 \u00fczerinde faydal\u0131 etkisi olan biyoflavonoidler ve tanenler i\u00e7erir.<\/p>\n<p>Siyah m\u00fcrver \u00f6z\u00fc \u2013 vitaminler, biyoelementler ve tanenler a\u00e7\u0131s\u0131ndan zengindir.<\/p>\n<p>Aloe Vera \u2013 yara iyile\u015ftirici ve antibakterial etkiye sahiptir.<\/p>\n<p>Sunshine Brite Di\u015f Macunu (Ye\u015fil \u00c7ay Yapra\u011f\u0131 \u00d6zl\u00fc) &#8211; \u015eifal\u0131 bitkilerin e\u015fsiz bile\u015fimi, mukoza zarlar\u0131n\u0131 tahri\u015f etmez. Macunun di\u015f etlerine uygulanmas\u0131 ne kadar uzun olursa, etkinli\u011fi o kadar y\u00fcksek olur, bu nedenle a\u011fz\u0131n\u0131z\u0131 durulamak i\u00e7in acele etmeyin.[\/vc_column_text][\/vc_column][\/vc_row]<\/p>\n<\/div>","protected":false},"excerpt":{"rendered":"<ul>\n<li>Yara iyile\u015ftirici etkiye sahiptir ve di\u015f eti sa\u011fl\u0131\u011f\u0131n\u0131 iyile\u015ftirir.<\/li>\n<li>Periodontal hastal\u0131\u011f\u0131n \u00f6nlenmesi ve tedavisi i\u00e7in \u00f6nerilir.<\/li>\n<li>Nane kokulu ve hafif ferahlat\u0131c\u0131.<\/li>\n<li>Yapay renkler, tatlar, kaba a\u015f\u0131nd\u0131r\u0131c\u0131lar, flor\u00fcr i\u00e7ermez.<\/li>\n<li>T\u0131bbi bitki bile\u015fenlerinin \u00f6zlerini i\u00e7erir.<\/li>\n<li>Di\u015flerinizi f\u0131r\u00e7alamak i\u00e7in \u00e7ok az di\u015f macunu gereklidir, ekonomiktir.<\/li>\n<\/ul>\n","protected":false},"featured_media":11911,"template":"","meta":{"_acf_changed":false},"product_brand":[],"product_cat":[229],"product_tag":[292],"class_list":{"0":"post-11459","1":"product","2":"type-product","3":"status-publish","4":"has-post-thumbnail","6":"product_cat-229","7":"product_tag-su-an-stokta-ru","9":"first","10":"onbackorder","11":"sale","12":"taxable","13":"shipping-taxable","14":"purchasable","15":"product-type-simple"},"acf":[],"_links":{"self":[{"href":"https:\/\/natr.com.tr\/ru\/wp-json\/wp\/v2\/product\/11459","targetHints":{"allow":["GET"]}}],"collection":[{"href":"https:\/\/natr.com.tr\/ru\/wp-json\/wp\/v2\/product"}],"about":[{"href":"https:\/\/natr.com.tr\/ru\/wp-json\/wp\/v2\/types\/product"}],"wp:featuredmedia":[{"embeddable":true,"href":"https:\/\/natr.com.tr\/ru\/wp-json\/wp\/v2\/media\/11911"}],"wp:attachment":[{"href":"https:\/\/natr.com.tr\/ru\/wp-json\/wp\/v2\/media?parent=11459"}],"wp:term":[{"taxonomy":"product_brand","embeddable":true,"href":"https:\/\/natr.com.tr\/ru\/wp-json\/wp\/v2\/product_brand?post=11459"},{"taxonomy":"product_cat","embeddable":true,"href":"https:\/\/natr.com.tr\/ru\/wp-json\/wp\/v2\/product_cat?post=11459"},{"taxonomy":"product_tag","embeddable":true,"href":"https:\/\/natr.com.tr\/ru\/wp-json\/wp\/v2\/product_tag?post=11459"}],"curies":[{"name":"wp","href":"https:\/\/api.w.org\/{rel}","templated":true}]}}