{"id":11460,"date":"2024-11-12T16:51:11","date_gmt":"2024-11-12T13:51:11","guid":{"rendered":"https:\/\/natr.com.tr\/urun\/covid-sonrasi-rehabilitasyon-strong-immunity\/"},"modified":"2026-04-01T20:53:47","modified_gmt":"2026-04-01T17:53:47","slug":"covid-sonrasi-rehabilitasyon-strong-immunity","status":"publish","type":"product","link":"https:\/\/natr.com.tr\/ru\/urun\/covid-sonrasi-rehabilitasyon-strong-immunity\/","title":{"rendered":"Covid Sonras\u0131 Rehabilitasyon (Strong Immunity)"},"content":{"rendered":"<div class=\"wpb-content-wrapper\"><p>[vc_row][vc_column][vc_column_text css=&#8221;&#8221; woodmart_inline=&#8221;no&#8221; text_larger=&#8221;no&#8221;]<\/p>\n<h2>Covid Sonras\u0131 Rehabilitasyon<\/h2>\n<h3>\u00dcr\u00fcn stok bilgisi i\u00e7in l\u00fctfen aray\u0131n\u0131z<\/h3>\n<h3>\u0421\u043e\u0441\u0442\u0430\u0432:<\/h3>\n<table width=\"369\">\n<tbody>\n<tr>\n<td width=\"369\"><a href=\"https:\/\/natr.com.tr\/ru\/urun\/vitamin-d3\/\" target=\"_blank\" rel=\"noopener\">D3 vitamini (Vitamin D3) &#8211; 22485<\/a><\/td>\n<\/tr>\n<tr>\n<td><a href=\"https:\/\/natr.com.tr\/ru\/urun\/cca\/\" target=\"_blank\" rel=\"noopener\">Ku\u015fburnu ve Kar\u0131\u015f\u0131k Bitkiler (CCA) 896 \u0421\u0421-\u0410<\/a><\/td>\n<\/tr>\n<tr>\n<td><a href=\"https:\/\/natr.com.tr\/ru\/urun\/super-complex\/\" target=\"_blank\" rel=\"noopener\">Vitamin ve Mineral (Super Complex) 4052<\/a><\/td>\n<\/tr>\n<tr>\n<td><a href=\"https:\/\/natr.com.tr\/ru\/urun\/magnesium-complex\/\">Magnezyum Kompleksi (Magnesium complex)-1859<\/a><\/td>\n<\/tr>\n<tr>\n<td><a href=\"https:\/\/natr.com.tr\/ru\/urun\/gotu-kola-nsp\/\" target=\"_blank\" rel=\"noopener\">Gotu Kola NSP 360<\/a><\/td>\n<\/tr>\n<tr>\n<td><a href=\"https:\/\/natr.com.tr\/ru\/urun\/omega-3-epa\/\">OMEGA 3 (Omega 3 EPA) 1609<\/a><\/td>\n<\/tr>\n<tr>\n<td><a href=\"https:\/\/natr.com.tr\/ru\/urun\/zinc-lozenges\/\" target=\"_blank\" rel=\"noopener\">\u00c7inko Tablet (Zinc Lozenge) 1596<\/a><\/td>\n<\/tr>\n<tr>\n<td><a href=\"https:\/\/natr.com.tr\/ru\/urun\/lecithin\/\" target=\"_blank\" rel=\"noopener\">Lesitin (Lecithin) 1661<\/a><\/td>\n<\/tr>\n<\/tbody>\n<\/table>\n<p>[\/vc_column_text][\/vc_column][\/vc_row]<\/p>\n<\/div>","protected":false},"excerpt":{"rendered":"<ul>\n<li>\u00dcr\u00fcn stok bilgisi i\u00e7in l\u00fctfen aray\u0131n\u0131z.<\/li>\n<\/ul>\n","protected":false},"featured_media":11410,"template":"","meta":{"_acf_changed":false},"product_brand":[],"product_cat":[229],"product_tag":[292],"class_list":{"0":"post-11460","1":"product","2":"type-product","3":"status-publish","4":"has-post-thumbnail","6":"product_cat-229","7":"product_tag-su-an-stokta-ru","9":"first","10":"outofstock","11":"sale","12":"taxable","13":"shipping-taxable","14":"purchasable","15":"product-type-simple"},"acf":[],"_links":{"self":[{"href":"https:\/\/natr.com.tr\/ru\/wp-json\/wp\/v2\/product\/11460","targetHints":{"allow":["GET"]}}],"collection":[{"href":"https:\/\/natr.com.tr\/ru\/wp-json\/wp\/v2\/product"}],"about":[{"href":"https:\/\/natr.com.tr\/ru\/wp-json\/wp\/v2\/types\/product"}],"wp:featuredmedia":[{"embeddable":true,"href":"https:\/\/natr.com.tr\/ru\/wp-json\/wp\/v2\/media\/11410"}],"wp:attachment":[{"href":"https:\/\/natr.com.tr\/ru\/wp-json\/wp\/v2\/media?parent=11460"}],"wp:term":[{"taxonomy":"product_brand","embeddable":true,"href":"https:\/\/natr.com.tr\/ru\/wp-json\/wp\/v2\/product_brand?post=11460"},{"taxonomy":"product_cat","embeddable":true,"href":"https:\/\/natr.com.tr\/ru\/wp-json\/wp\/v2\/product_cat?post=11460"},{"taxonomy":"product_tag","embeddable":true,"href":"https:\/\/natr.com.tr\/ru\/wp-json\/wp\/v2\/product_tag?post=11460"}],"curies":[{"name":"wp","href":"https:\/\/api.w.org\/{rel}","templated":true}]}}