{"id":11461,"date":"2024-11-12T16:51:06","date_gmt":"2024-11-12T13:51:06","guid":{"rendered":"https:\/\/natr.com.tr\/urun\/vucut-sutu-manolya-buyusu-magnolia-charm-body-lotion\/"},"modified":"2026-04-03T11:54:15","modified_gmt":"2026-04-03T08:54:15","slug":"vucut-sutu-manolya-buyusu-magnolia-charm-body-lotion","status":"publish","type":"product","link":"https:\/\/natr.com.tr\/ru\/urun\/vucut-sutu-manolya-buyusu-magnolia-charm-body-lotion\/","title":{"rendered":"V\u00fccut S\u00fct\u00fc Manolya B\u00fcy\u00fcs\u00fc (Magnolia Charm Body Lotion)"},"content":{"rendered":"<div class=\"wpb-content-wrapper\"><p>[vc_row][vc_column][vc_column_text css=&#8221;&#8221; woodmart_inline=&#8221;no&#8221; text_larger=&#8221;no&#8221;]<\/p>\n<h2>V\u00fccut S\u00fct\u00fc Manolya B\u00fcy\u00fcs\u00fc (Magnolia Charm Body Lotion)<\/h2>\n<p>Form\u00fcl\u00fcn merkezinde, hassas ciltlerin bak\u0131m\u0131nda etkin bir \u015fekilde kullan\u0131lan ve \u00f6demi azaltan, rahatlat\u0131c\u0131 etkisi olan manolya \u00f6z\u00fc bulunmaktad\u0131r. Manolya\u2019n\u0131n hafif narenciye notalar\u0131na sahip l\u00fcks ve zarif aromas\u0131, dinlenmek i\u00e7in \u00f6zel olarak yarat\u0131lm\u0131\u015ft\u0131r. Sonu\u00e7: kadifemsi, bak\u0131ml\u0131 cilt.  <\/p>\n<h3>Aktif i\u00e7erik<\/h3>\n<p>Manolya \u00f6z\u00fc &#8211; \u00e7i\u00e7eklerden ve tomurcuklardan elde edilir, \u00f6demi azalt\u0131r ve rahatlat\u0131c\u0131 bir etkiye sahiptir. Hassas ciltlerin bak\u0131m\u0131nda etkin bir \u015fekilde kullan\u0131lmaktad\u0131r. <\/p>\n<p>Gliserin; epidermisin y\u00fczeyinde nemli bir film olu\u015fturur. Cilde elastikiyet, yumu\u015fakl\u0131k ve p\u00fcr\u00fczs\u00fczl\u00fc\u011f\u00fc geri kazand\u0131r\u0131r.[\/vc_column_text][\/vc_column][\/vc_row]<\/p>\n<\/div>","protected":false},"excerpt":{"rendered":"<ul>\n<li>Aroma Terapi<\/li>\n<li>Kadifemsi his<\/li>\n<li>Yumu\u015fatma etkisi<\/li>\n<\/ul>\n","protected":false},"featured_media":11435,"template":"","meta":{"_acf_changed":false},"product_brand":[],"product_cat":[291],"product_tag":[292],"class_list":{"0":"post-11461","1":"product","2":"type-product","3":"status-publish","4":"has-post-thumbnail","6":"product_cat-kisisel-bakim-urunleri-ru","7":"product_tag-su-an-stokta-ru","9":"first","10":"outofstock","11":"sale","12":"taxable","13":"shipping-taxable","14":"purchasable","15":"product-type-simple"},"acf":[],"_links":{"self":[{"href":"https:\/\/natr.com.tr\/ru\/wp-json\/wp\/v2\/product\/11461","targetHints":{"allow":["GET"]}}],"collection":[{"href":"https:\/\/natr.com.tr\/ru\/wp-json\/wp\/v2\/product"}],"about":[{"href":"https:\/\/natr.com.tr\/ru\/wp-json\/wp\/v2\/types\/product"}],"wp:featuredmedia":[{"embeddable":true,"href":"https:\/\/natr.com.tr\/ru\/wp-json\/wp\/v2\/media\/11435"}],"wp:attachment":[{"href":"https:\/\/natr.com.tr\/ru\/wp-json\/wp\/v2\/media?parent=11461"}],"wp:term":[{"taxonomy":"product_brand","embeddable":true,"href":"https:\/\/natr.com.tr\/ru\/wp-json\/wp\/v2\/product_brand?post=11461"},{"taxonomy":"product_cat","embeddable":true,"href":"https:\/\/natr.com.tr\/ru\/wp-json\/wp\/v2\/product_cat?post=11461"},{"taxonomy":"product_tag","embeddable":true,"href":"https:\/\/natr.com.tr\/ru\/wp-json\/wp\/v2\/product_tag?post=11461"}],"curies":[{"name":"wp","href":"https:\/\/api.w.org\/{rel}","templated":true}]}}