{"id":11462,"date":"2024-11-12T16:51:06","date_gmt":"2024-11-12T13:51:06","guid":{"rendered":"https:\/\/natr.com.tr\/urun\/sindirella-yuz-maskesi-radiance-face-mask-cinderella-effect\/"},"modified":"2026-04-03T11:23:07","modified_gmt":"2026-04-03T08:23:07","slug":"sindirella-yuz-maskesi-radiance-face-mask-cinderella-effect","status":"publish","type":"product","link":"https:\/\/natr.com.tr\/ru\/urun\/sindirella-yuz-maskesi-radiance-face-mask-cinderella-effect\/","title":{"rendered":"Sindirella Y\u00fcz Maskesi (Radiance Face Mask Cinderella Effect)"},"content":{"rendered":"<div class=\"wpb-content-wrapper\"><p>[vc_row][vc_column][vc_column_text css=&#8221;&#8221; woodmart_inline=&#8221;no&#8221; text_larger=&#8221;no&#8221;]Sindirella Y\u00fcz Maskesi cilde an\u0131nda canl\u0131l\u0131k ve \u0131\u015f\u0131lt\u0131 verir! Ya\u015flanma belirtileri yok edilir ve y\u00fcz dinlenmi\u015f g\u00f6r\u00fcn\u00fcr. Cildiniz \u0131\u015f\u0131lt\u0131 kazan\u0131r. Maske, cildin homojenli\u011fini sa\u011flayan Rodop Gaberlea yapraklar\u0131n\u0131n \u00f6z\u00fcne dayanmaktad\u0131r. Yumu\u015fat\u0131c\u0131 \u00f6zellikleriyle bilinen bitkisel skualan ile form\u00fcle edilmi\u015ftir, \u00f6zellikle hassas ve kuru ciltler i\u00e7in uygundur. Maske, donukluk ve kuru cilde kar\u015f\u0131 radikal bir m\u00fccadele i\u00e7in m\u00fckemmel bir enerji kayna\u011f\u0131d\u0131r.<\/p>\n<p>Avantajlar\u0131: parabenler, parafinler, formaldehit, boyalar, silikonlar, etil alkol i\u00e7ermez.<\/p>\n<p>\u015eerbet gibi yumu\u015fak ve hassast\u0131r. Zengin i\u00e7erik. \u0130peksi.<\/p>\n<h3>Aktif i\u00e7erik Sindirella Y\u00fcz Maskesi (Radiance Face Mask Cinderella Effect)<\/h3>\n<p>Shea ya\u011f\u0131 yumu\u015fat\u0131c\u0131 \u00f6zellikleri ta\u015f\u0131r, nemlendirir, cilt bariyerini (koruma g\u00fcc\u00fc) yeniler. K\u0131r\u0131\u015f\u0131kl\u0131klarla m\u00fccadele i\u00e7in uygundur. Cilt elastikiyetini art\u0131r\u0131r. \u201cGen\u00e7lik vitamini\u201d olarak bilinen E vitamini bak\u0131m\u0131ndan zengindir.<\/p>\n<p>Squalane &#8211; &#8220;cildin koruyucusu&#8221;, cilt y\u00fczeyindeki lipit filmini yeniler, aktif olarak nemlendirir. \u2018\u2019Gen\u00e7le\u015ftirici ya\u011f, ya\u011fs\u0131z ya\u011f, oksijen vitamini\u2019\u2019 bunlar\u0131n hepsi skualen hakk\u0131nda s\u00f6yleniyor.<br \/>\ni<br \/>\nPirin\u00e7 ya\u011f\u0131; kuru ve olgun ciltler i\u00e7in uygundur. Nemlendirir, derinlemesine besler, beyazlat\u0131r, p\u00fcr\u00fczs\u00fczle\u015ftirir.<\/p>\n<p>Nar \u00e7ekirde\u011fi ya\u011f\u0131; olgun ciltler i\u00e7in idealdir. Antioksidan \u00f6zelli\u011fi vard\u0131r, besler ve nemlendirir.<\/p>\n<p>Pirin\u00e7 ni\u015fastas\u0131; hassas ciltler i\u00e7in uygundur. Besleyici ve beyazlat\u0131c\u0131 etkiye sahiptir.<\/p>\n<p>Gaberlea Rodop yapra\u011f\u0131 \u00f6z\u00fc; antioksidan bak\u0131m\u0131ndan zengindir. Kolajen ve elastin \u00fcretimini uyar\u0131r. Deri proteinlerini oksidasyondan korur. Cildi ayd\u0131nlat\u0131r ve \u0131\u015f\u0131lt\u0131 verir.<\/p>\n<p>Bitkisel gliserin; epidermisin y\u00fczeyinde koruyucu bir nemli film olu\u015fturur, cildi besler ve nem kayb\u0131n\u0131 \u00f6nler. Esneklik, yumu\u015fakl\u0131k ve p\u00fcr\u00fczs\u00fczl\u00fck verir.[\/vc_column_text][\/vc_column][\/vc_row]<\/p>\n<\/div>","protected":false},"excerpt":{"rendered":"<ul>\n<li>Anl\u0131k g\u00f6rsel etki.<\/li>\n<li>Cildi nemlendirir ve parlat\u0131r.<\/li>\n<li>Canland\u0131r\u0131r.<\/li>\n<li>Antioksidan ve ya\u015flanma kar\u015f\u0131t\u0131 koruma.<\/li>\n<li>Yorgunlu\u011fun b\u0131rakt\u0131\u011f\u0131 izler ile sava\u015f\u0131r.<\/li>\n<\/ul>\n","protected":false},"featured_media":11442,"template":"","meta":{"_acf_changed":false},"product_brand":[],"product_cat":[291],"product_tag":[292],"class_list":{"0":"post-11462","1":"product","2":"type-product","3":"status-publish","4":"has-post-thumbnail","6":"product_cat-kisisel-bakim-urunleri-ru","7":"product_tag-su-an-stokta-ru","9":"first","10":"outofstock","11":"sale","12":"taxable","13":"shipping-taxable","14":"purchasable","15":"product-type-simple"},"acf":[],"_links":{"self":[{"href":"https:\/\/natr.com.tr\/ru\/wp-json\/wp\/v2\/product\/11462","targetHints":{"allow":["GET"]}}],"collection":[{"href":"https:\/\/natr.com.tr\/ru\/wp-json\/wp\/v2\/product"}],"about":[{"href":"https:\/\/natr.com.tr\/ru\/wp-json\/wp\/v2\/types\/product"}],"wp:featuredmedia":[{"embeddable":true,"href":"https:\/\/natr.com.tr\/ru\/wp-json\/wp\/v2\/media\/11442"}],"wp:attachment":[{"href":"https:\/\/natr.com.tr\/ru\/wp-json\/wp\/v2\/media?parent=11462"}],"wp:term":[{"taxonomy":"product_brand","embeddable":true,"href":"https:\/\/natr.com.tr\/ru\/wp-json\/wp\/v2\/product_brand?post=11462"},{"taxonomy":"product_cat","embeddable":true,"href":"https:\/\/natr.com.tr\/ru\/wp-json\/wp\/v2\/product_cat?post=11462"},{"taxonomy":"product_tag","embeddable":true,"href":"https:\/\/natr.com.tr\/ru\/wp-json\/wp\/v2\/product_tag?post=11462"}],"curies":[{"name":"wp","href":"https:\/\/api.w.org\/{rel}","templated":true}]}}