{"id":11464,"date":"2024-11-12T16:51:06","date_gmt":"2024-11-12T13:51:06","guid":{"rendered":"https:\/\/natr.com.tr\/urun\/kestane-ozlu-yaslanma-karsiti-wow-serumu-wow-serum-with-chestnut-extract-anti-age-and-lifting\/"},"modified":"2026-04-03T11:54:04","modified_gmt":"2026-04-03T08:54:04","slug":"kestane-ozlu-yaslanma-karsiti-wow-serumu-wow-serum-with-chestnut-extract-anti-age-and-lifting","status":"publish","type":"product","link":"https:\/\/natr.com.tr\/ru\/urun\/kestane-ozlu-yaslanma-karsiti-wow-serumu-wow-serum-with-chestnut-extract-anti-age-and-lifting\/","title":{"rendered":"Kestane \u00d6zl\u00fc Ya\u015flanma Kar\u015f\u0131t\u0131 Wow Serumu (Wow-Serum with Chestnut Extract. Anti-age and Lifting)"},"content":{"rendered":"<div class=\"wpb-content-wrapper\"><p>[vc_row][vc_column][vc_column_text css=&#8221;&#8221; woodmart_inline=&#8221;no&#8221; text_larger=&#8221;no&#8221;]<\/p>\n<h2>Kestane \u00d6zl\u00fc Ya\u015flanma Kar\u015f\u0131t\u0131 Wow Serumu (Wow-Serum with Chestnut Extract. Anti-age and Lifting)<\/h2>\n<p>Gen\u00e7lik aktivat\u00f6r\u00fc, yo\u011fun beslenme ve hidrasyondan (nemlendirme) sorumludur, cilt turgorunu iyile\u015ftirir, enflamatuar reaksiyonlar\u0131 (yava\u015flat\u0131r) inhibe eder, k\u0131zar\u0131kl\u0131\u011f\u0131 giderir. Serumun uygulanmas\u0131 kolayd\u0131r, an\u0131nda emilir ve tazelik hissi b\u0131rak\u0131r. T\u00fcm cilt tipleri i\u00e7in uygundur, sabah ve ak\u015fam g\u00fcnl\u00fck kullan\u0131ma uygundur. % 95 do\u011fal i\u00e7eri\u011fe sahiptir.<\/p>\n<p>Parabenler, silikonlar, mineral ya\u011flar, etil alkol i\u00e7ermez<\/p>\n<h3>Aktif i\u00e7erik Kestane \u00d6zl\u00fc Ya\u015flanma Kar\u015f\u0131t\u0131 Wow Serumu (Wow-Serum with Chestnut Extract. Anti-age and Lifting)<\/h3>\n<p>NUTriVITA kompleksidir. Konsantre kestane kabu\u011funa (Castanea Sativa) dayanmaktad\u0131r. Polifenol bak\u0131m\u0131ndan zengindir. Antioksidan, kan damarlar\u0131n\u0131 g\u00fc\u00e7lendirir, iltihab\u0131 azalt\u0131r, kolajenaz (kolajeni par\u00e7alayan bir enzim) \u00fcretimini engeller, cilt yo\u011funlu\u011funu iyile\u015ftirir, kan dola\u015f\u0131m\u0131n\u0131 uyar\u0131r.<\/p>\n<p>Ahnfeltiopsis Concinna k\u0131rm\u0131z\u0131 yosun jeli. &#8220;\u0130kinci bir cilt&#8221; gibi \u00e7al\u0131\u015f\u0131r, y\u00fczeyde nem kayb\u0131na kar\u015f\u0131 koruyan koruyucu bir film olu\u015fturur. Yumu\u015fat\u0131r.<\/p>\n<p>Pirin\u00e7 kepe\u011fi ya\u011f\u0131. Ya\u011fda bulunan oleik ve linoleik asitler cildi yumu\u015fat\u0131r ve nemlendirir. Palmitik asit ve E vitamini ya\u015flanmay\u0131 \u00f6nler. Gama oryzanol cildi serbest radikallerden korur.<\/p>\n<p>Shea ya\u011f\u0131 (shea ya\u011f\u0131). Afrika bitkisi Vitellaria paradoxa&#8217;n\u0131n tohumlar\u0131ndan elde edildi. Antioksidan. Cildi yumu\u015fat\u0131r, nemlendirir ve besler.<\/p>\n<p>Do\u011fal yumu\u015fat\u0131c\u0131 kompleksidir. Silikonlara alternatif bitki bazl\u0131 yenilik\u00e7i bir alternatiftir. Y\u00fcksek n\u00fcfuz etme g\u00fcc\u00fcne sahiptir, cildi ipeksi yapar, nemlendirir. Serum form\u00fcl\u00fcn\u00fc etkili k\u0131lan, di\u011fer aktif bile\u015fenlerin penetrasyonunu (emilim) art\u0131ran bu komplekstir.<\/p>\n<p>Ecocert taraf\u0131ndan onayl\u0131, bitki kaynaklar\u0131ndan elde edilen bir poligliserid kar\u0131\u015f\u0131m\u0131 (oleik, linoleik ve linolenik asitler). Lifting etkisini sa\u011flar. Kendi a\u011f\u0131rl\u0131\u011f\u0131n\u0131n% 200&#8217;\u00fcne kadar su emebilir, bu sayede cildi aktif olarak nemlendirir ve k\u0131r\u0131\u015f\u0131kl\u0131klar\u0131 doldurur.[\/vc_column_text][\/vc_column][\/vc_row]<\/p>\n<\/div>","protected":false},"excerpt":{"rendered":"<ul>\n<li>S\u0131k\u0131l\u0131k ve esneklik verir.<\/li>\n<li>\u0130ltihab\u0131 azalt\u0131r.<\/li>\n<li>Tonu e\u015fitler.<\/li>\n<li>Nemlendirir.<\/li>\n<li>Oksidatif strese kar\u015f\u0131 korur.<\/li>\n<li>Erken ya\u015flanmay\u0131 engeller.<\/li>\n<\/ul>\n","protected":false},"featured_media":11437,"template":"","meta":{"_acf_changed":false},"product_brand":[],"product_cat":[291],"product_tag":[],"class_list":{"0":"post-11464","1":"product","2":"type-product","3":"status-publish","4":"has-post-thumbnail","6":"product_cat-kisisel-bakim-urunleri-ru","8":"first","9":"outofstock","10":"sale","11":"taxable","12":"shipping-taxable","13":"purchasable","14":"product-type-simple"},"acf":[],"_links":{"self":[{"href":"https:\/\/natr.com.tr\/ru\/wp-json\/wp\/v2\/product\/11464","targetHints":{"allow":["GET"]}}],"collection":[{"href":"https:\/\/natr.com.tr\/ru\/wp-json\/wp\/v2\/product"}],"about":[{"href":"https:\/\/natr.com.tr\/ru\/wp-json\/wp\/v2\/types\/product"}],"wp:featuredmedia":[{"embeddable":true,"href":"https:\/\/natr.com.tr\/ru\/wp-json\/wp\/v2\/media\/11437"}],"wp:attachment":[{"href":"https:\/\/natr.com.tr\/ru\/wp-json\/wp\/v2\/media?parent=11464"}],"wp:term":[{"taxonomy":"product_brand","embeddable":true,"href":"https:\/\/natr.com.tr\/ru\/wp-json\/wp\/v2\/product_brand?post=11464"},{"taxonomy":"product_cat","embeddable":true,"href":"https:\/\/natr.com.tr\/ru\/wp-json\/wp\/v2\/product_cat?post=11464"},{"taxonomy":"product_tag","embeddable":true,"href":"https:\/\/natr.com.tr\/ru\/wp-json\/wp\/v2\/product_tag?post=11464"}],"curies":[{"name":"wp","href":"https:\/\/api.w.org\/{rel}","templated":true}]}}