{"id":11465,"date":"2024-11-12T16:51:01","date_gmt":"2024-11-12T13:51:01","guid":{"rendered":"https:\/\/natr.com.tr\/urun\/tei-fu-losyon-tei-fu-massage-lotion\/"},"modified":"2026-04-01T19:51:31","modified_gmt":"2026-04-01T16:51:31","slug":"tei-fu-losyon-tei-fu-massage-lotion","status":"publish","type":"product","link":"https:\/\/natr.com.tr\/ru\/urun\/tei-fu-losyon-tei-fu-massage-lotion\/","title":{"rendered":"Tei-Fu Losyon (Tei-Fu massage lotion)"},"content":{"rendered":"<div class=\"wpb-content-wrapper\"><p>[vc_row][vc_column][vc_column_text css=&#8221;&#8221; woodmart_inline=&#8221;no&#8221; text_larger=&#8221;no&#8221;]<\/p>\n<h2>Tei-Fu Losyon (Tei-Fu massage lotion)<\/h2>\n<p>U\u00e7ucu ya\u011flar, belirli bitkilerden sal\u0131nan u\u00e7ucu kokular\u0131n bir kar\u0131\u015f\u0131m\u0131d\u0131r.<br \/>\nU\u00e7ucu ya\u011flar\u0131n \u00e7ok \u00f6nemli bir \u00f6zelli\u011fi, cildin katmanlar\u0131na h\u0131zla n\u00fcfuz ederek kan dola\u015f\u0131m\u0131na girmeleridir.<\/p>\n<p>Do\u011fal u\u00e7ucu ya\u011flara dayal\u0131 Tei-Fu iyile\u015ftirici losyon ile aromaterapi masaj\u0131, stresi azaltmak, sinir gerginli\u011fini gidermek ve sa\u011fl\u0131\u011f\u0131n\u0131z\u0131, kas gev\u015femesini iyile\u015ftirmek i\u00e7in harika bir \u00fcr\u00fcnd\u00fcr.<br \/>\nAktif bile\u015fenler dokulara derinlemesine n\u00fcfuz ederek kan dola\u015f\u0131m\u0131n\u0131 ve metabolizmay\u0131 iyile\u015ftirir.<\/p>\n<p>Tei-Fu Losyon (Tei-Fu massage lotion)<\/p>\n<p><strong>A\u015fa\u011f\u0131daki durumlarda kullan\u0131l\u0131r:<\/strong><\/p>\n<ul>\n<li>Miyalji ve miyazit (kas a\u011fr\u0131s\u0131)<\/li>\n<li>Siyatik, osteokondrozun alevlenmesi ve k\u00fc\u00e7\u00fck eklem hastal\u0131klar\u0131<\/li>\n<li>Spor ve ev i\u00e7i yaralanmalar (\u00e7\u00fcr\u00fckler, burkulmalar, \u00e7\u0131k\u0131klar vb.)<\/li>\n<li>Travma sonras\u0131: kas spazmlar\u0131, yara izleri, ankilozlar (sert eklemler)<\/li>\n<li>Ba\u015f a\u011fr\u0131s\u0131 (boyun ve \u015fakaklara s\u00fcr\u00fcn\u00fcz)<\/li>\n<li>Di\u015f a\u011fr\u0131s\u0131 (mukoza zar\u0131na de\u011fil di\u015fin \u00e7\u0131k\u0131nt\u0131 alan\u0131na s\u00fcr\u00fcn\u00fcz)<\/li>\n<li>B\u00f6cek \u0131s\u0131r\u0131klar\u0131 ve k\u00fc\u00e7\u00fck deri lezyonlar\u0131 (lezyon alan\u0131na s\u00fcr\u00fcn\u00fcz)<\/li>\n<\/ul>\n<p>[\/vc_column_text][\/vc_column][\/vc_row]<\/p>\n<\/div>","protected":false},"excerpt":{"rendered":"<ul>\n<li>Kaslarda ve eklemlerde kas gerginli\u011fini ve a\u011fr\u0131s\u0131n\u0131 hafifletir.<\/li>\n<li>Deri ve deri alt\u0131 dokuya besleyici destek sa\u011flar, kan dola\u015f\u0131m\u0131n\u0131 iyile\u015ftirir.<\/li>\n<li>Spor ve evdeki yaralanmalar ile b\u00f6cek \u0131s\u0131r\u0131klar\u0131 i\u00e7in vazge\u00e7ilmez bir \u00fcr\u00fcnd\u00fcr.<\/li>\n<\/ul>\n","protected":false},"featured_media":11450,"template":"","meta":{"_acf_changed":false},"product_brand":[],"product_cat":[291],"product_tag":[292],"class_list":{"0":"post-11465","1":"product","2":"type-product","3":"status-publish","4":"has-post-thumbnail","6":"product_cat-kisisel-bakim-urunleri-ru","7":"product_tag-su-an-stokta-ru","9":"first","10":"outofstock","11":"sale","12":"taxable","13":"shipping-taxable","14":"purchasable","15":"product-type-simple"},"acf":[],"_links":{"self":[{"href":"https:\/\/natr.com.tr\/ru\/wp-json\/wp\/v2\/product\/11465","targetHints":{"allow":["GET"]}}],"collection":[{"href":"https:\/\/natr.com.tr\/ru\/wp-json\/wp\/v2\/product"}],"about":[{"href":"https:\/\/natr.com.tr\/ru\/wp-json\/wp\/v2\/types\/product"}],"wp:featuredmedia":[{"embeddable":true,"href":"https:\/\/natr.com.tr\/ru\/wp-json\/wp\/v2\/media\/11450"}],"wp:attachment":[{"href":"https:\/\/natr.com.tr\/ru\/wp-json\/wp\/v2\/media?parent=11465"}],"wp:term":[{"taxonomy":"product_brand","embeddable":true,"href":"https:\/\/natr.com.tr\/ru\/wp-json\/wp\/v2\/product_brand?post=11465"},{"taxonomy":"product_cat","embeddable":true,"href":"https:\/\/natr.com.tr\/ru\/wp-json\/wp\/v2\/product_cat?post=11465"},{"taxonomy":"product_tag","embeddable":true,"href":"https:\/\/natr.com.tr\/ru\/wp-json\/wp\/v2\/product_tag?post=11465"}],"curies":[{"name":"wp","href":"https:\/\/api.w.org\/{rel}","templated":true}]}}