{"id":11466,"date":"2024-11-12T16:51:06","date_gmt":"2024-11-12T13:51:06","guid":{"rendered":"https:\/\/natr.com.tr\/urun\/yaslanma-karsiti-yuz-icin-yogun-gece-kremi-40-night-anti-age-face-cream\/"},"modified":"2026-04-03T11:19:37","modified_gmt":"2026-04-03T08:19:37","slug":"yaslanma-karsiti-yuz-icin-yogun-gece-kremi-40-night-anti-age-face-cream","status":"publish","type":"product","link":"https:\/\/natr.com.tr\/ru\/urun\/yaslanma-karsiti-yuz-icin-yogun-gece-kremi-40-night-anti-age-face-cream\/","title":{"rendered":"Ya\u015flanma Kar\u015f\u0131t\u0131 Y\u00fcz I\u0307\u00e7in Yo\u011fun Gece Kremi 40+ (Night Anti-age Face Cream)"},"content":{"rendered":"<div class=\"wpb-content-wrapper\"><p>[vc_row][vc_column][vc_column_text css=&#8221;&#8221; woodmart_inline=&#8221;no&#8221; text_larger=&#8221;no&#8221;]<\/p>\n<h2>Ya\u015flanma Kar\u015f\u0131t\u0131 Y\u00fcz I\u0307\u00e7in Yo\u011fun Gece Kremi 40+ (Night Anti-age Face Cream)<\/h2>\n<p>H\u00fccreler en iyi \u015fekilde yenilenirken yani uyku s\u0131ras\u0131nda cildinizin bak\u0131m\u0131n\u0131 yapan ve \u00f6zel olarak form\u00fcle edilmi\u015f zengin, yumu\u015fak bir gece kremi. K\u0131r\u0131\u015f\u0131kl\u0131klar\u0131 dolgunla\u015ft\u0131rarak ve cilalayarak daha az g\u00f6r\u00fcn\u00fcr hale getirir. Donuk ve yorgun cilde an\u0131nda etki eder. Cilt tonunu geri kazand\u0131ran ve dokular\u0131 g\u00fc\u00e7lendiren y\u00fcksek ya\u015flanma kar\u015f\u0131t\u0131 aktiviteye sahip bile\u015fenler i\u00e7erir. Cildiniz dinlenir. Her sabah uyand\u0131\u011f\u0131n\u0131zda saatlerce s\u00fcrecek g\u00f6zle g\u00f6r\u00fcl\u00fcr lifting etkisini sonu\u00e7 olarak g\u00f6rebilirsiniz.<\/p>\n<p>Avantajlar\u0131: parabenler, parafinler, formaldehit, boyalar, silikonlar, etil alkol i\u00e7ermez.<\/p>\n<p>Yo\u011fun. Ya\u011fl\u0131 de\u011fil. Uygulamas\u0131 kolay.<\/p>\n<h3>Aktif i\u00e7erik Ya\u015flanma Kar\u015f\u0131t\u0131 Y\u00fcz I\u0307\u00e7in Yo\u011fun Gece Kremi 40+ (Night Anti-age Face Cream)<\/h3>\n<p>Hyaluronik asit; suyu tutma \u00f6zelli\u011finden dolay\u0131 do\u011frudan nemlendirici g\u00f6revi g\u00f6r\u00fcr ve dolayl\u0131 bir nemlendirici olarak buharla\u015fmay\u0131 \u00f6nleyen bir plaka olu\u015fturur. Cilt nemli g\u00f6r\u00fcn\u00fcr ve uzun s\u00fcre nemi tutar.<\/p>\n<p>Shea ya\u011f\u0131 ve ay\u00e7i\u00e7e\u011fi tohumu ya\u011f\u0131:<br \/>\nOlgun cilt, E, D3, A, F ve K vitaminleri a\u00e7\u0131s\u0131ndan zengin bile\u015fenleri sever. Ya\u011flar h\u00fccre yenilenmesini destekler ve \u00e7oklu doymam\u0131\u015f ya\u011flar a\u00e7\u0131s\u0131ndan zengindir. Kuru ciltler i\u00e7in uygundur, m\u00fckemmel nemlendirir.<\/p>\n<p>E Vitamini, g\u00fc\u00e7l\u00fc bir antioksidan olan gen\u00e7lik vitaminidir. Cildinizi p\u00fcr\u00fczs\u00fczle\u015ftirir, yat\u0131\u015ft\u0131r\u0131r ve nemli tutar.<\/p>\n<p>Arpa \u00e7ekirde\u011fi \u00f6z\u00fc; polifenol t\u00fcrevleri a\u00e7\u0131s\u0131ndan zengin, antioksidan \u00f6zelliklere sahiptir. Ya\u015flanmay\u0131 geciktirici bile\u015fen, k\u0131r\u0131\u015f\u0131kl\u0131klar\u0131n olu\u015fumunu engeller. Mikro dola\u015f\u0131m\u0131 iyile\u015ftirir, cildi besler.<\/p>\n<p>Bitkisel gliserin; epidermisin y\u00fczeyinde koruyucu bir nemli film olu\u015fturur, cildi besler ve nem kayb\u0131n\u0131 \u00f6nler. Esneklik, yumu\u015fakl\u0131k ve p\u00fcr\u00fczs\u00fczl\u00fck verir.[\/vc_column_text][\/vc_column][\/vc_row]<\/p>\n<\/div>","protected":false},"excerpt":{"rendered":"<ul>\n<li>Nemlendirme.<\/li>\n<li>Ya\u015flanma kar\u015f\u0131t\u0131 bak\u0131m.<\/li>\n<li>K\u0131r\u0131\u015f\u0131kl\u0131klarla m\u00fccadele.<\/li>\n<li>Y\u00fcz k\u0131r\u0131\u015f\u0131kl\u0131klar\u0131n\u0131n kald\u0131r\u0131lmas\u0131 ve y\u00fcz \u00e7evresinin g\u00fc\u00e7lendirilmesi.<\/li>\n<li>Antioksidan \u00f6zellikler.<\/li>\n<li>Cildinizi parlat\u0131r ve dolgunla\u015ft\u0131r\u0131r.<\/li>\n<\/ul>\n","protected":false},"featured_media":11455,"template":"","meta":{"_acf_changed":false},"product_brand":[],"product_cat":[229],"product_tag":[292],"class_list":{"0":"post-11466","1":"product","2":"type-product","3":"status-publish","4":"has-post-thumbnail","6":"product_cat-229","7":"product_tag-su-an-stokta-ru","9":"first","10":"outofstock","11":"sale","12":"taxable","13":"shipping-taxable","14":"purchasable","15":"product-type-simple"},"acf":[],"_links":{"self":[{"href":"https:\/\/natr.com.tr\/ru\/wp-json\/wp\/v2\/product\/11466","targetHints":{"allow":["GET"]}}],"collection":[{"href":"https:\/\/natr.com.tr\/ru\/wp-json\/wp\/v2\/product"}],"about":[{"href":"https:\/\/natr.com.tr\/ru\/wp-json\/wp\/v2\/types\/product"}],"wp:featuredmedia":[{"embeddable":true,"href":"https:\/\/natr.com.tr\/ru\/wp-json\/wp\/v2\/media\/11455"}],"wp:attachment":[{"href":"https:\/\/natr.com.tr\/ru\/wp-json\/wp\/v2\/media?parent=11466"}],"wp:term":[{"taxonomy":"product_brand","embeddable":true,"href":"https:\/\/natr.com.tr\/ru\/wp-json\/wp\/v2\/product_brand?post=11466"},{"taxonomy":"product_cat","embeddable":true,"href":"https:\/\/natr.com.tr\/ru\/wp-json\/wp\/v2\/product_cat?post=11466"},{"taxonomy":"product_tag","embeddable":true,"href":"https:\/\/natr.com.tr\/ru\/wp-json\/wp\/v2\/product_tag?post=11466"}],"curies":[{"name":"wp","href":"https:\/\/api.w.org\/{rel}","templated":true}]}}