{"id":11467,"date":"2024-11-12T16:51:06","date_gmt":"2024-11-12T13:51:06","guid":{"rendered":"https:\/\/natr.com.tr\/urun\/yaslanma-karsiti-gunduz-yuz-kremi-spf15-40-day-anti-age-face-cream-spf-15-40\/"},"modified":"2026-04-03T11:48:01","modified_gmt":"2026-04-03T08:48:01","slug":"yaslanma-karsiti-gunduz-yuz-kremi-spf15-40-day-anti-age-face-cream-spf-15-40","status":"publish","type":"product","link":"https:\/\/natr.com.tr\/ru\/urun\/yaslanma-karsiti-gunduz-yuz-kremi-spf15-40-day-anti-age-face-cream-spf-15-40\/","title":{"rendered":"Ya\u015flanma Kar\u015f\u0131t\u0131 G\u00fcnd\u00fcz Y\u00fcz Kremi Spf15. 40+ (Day Anti-age Face Cream SPF 15 40+)"},"content":{"rendered":"<div class=\"wpb-content-wrapper\"><p>[vc_row][vc_column][vc_column_text css=&#8221;&#8221; woodmart_inline=&#8221;no&#8221; text_larger=&#8221;no&#8221;]<\/p>\n<h2>Ya\u015flanma Kar\u015f\u0131t\u0131 G\u00fcnd\u00fcz Y\u00fcz Kremi Spf15. 40+ (Day Anti-age Face Cream SPF 15 40+)<\/h2>\n<p>Epidermisin en derin katmanlar\u0131n\u0131 bile nemle doyurabilen geli\u015fmi\u015f ya\u015flanma kar\u015f\u0131t\u0131 bile\u015fenlere dayal\u0131 g\u00fc\u00e7l\u00fc bir krem. D\u00fczenli kullan\u0131mda aktif maddeler ve sarkm\u0131\u015f cildi kontrol eden peptid kompleksi sayesinde cildi ayd\u0131nlat\u0131r, nemlendirir ve yeniler. Yo\u011fun nemlendirme i\u00e7in gliserin ve trehaloz ile zenginle\u015ftirilmi\u015f, daha s\u0131k\u0131 ve homojen bir cilt i\u00e7in C Vitamini ile stabilize edilmi\u015ftir. Form\u00fcl ayn\u0131 zamanda sarkan cilt ile sava\u015fan ve yer\u00e7ekimine kar\u015f\u0131 direnci art\u0131ran yenilik\u00e7i bir &#8220;yer\u00e7ekimi kontrol&#8221; kompleksine ve g\u00fcnl\u00fck detoksifikasyon i\u00e7in pembe biberde aktif bir bile\u015fene dayanmaktad\u0131r.<\/p>\n<p>Avantajlar\u0131: parabenler, parafinler, formaldehit, boyalar, silikonlar, etil alkol i\u00e7ermez.<\/p>\n<p>Yumu\u015fak. \u0130peksi. \u00c7abuk emilir. Uygulamas\u0131 kolay.<\/p>\n<h3>Aktif i\u00e7erik Ya\u015flanma Kar\u015f\u0131t\u0131 G\u00fcnd\u00fcz Y\u00fcz Kremi Spf15. 40+ (Day Anti-age Face Cream SPF 15 40+)<\/h3>\n<p>G\u00fcne\u015f filtreleri; UV \u0131\u015f\u0131nlar\u0131ndan g\u00fcnd\u00fcz korur, fotoya\u015flanmay\u0131 yava\u015flat\u0131r.<\/p>\n<p>Peptid kompleksi; Sarkan ciltle sava\u015f\u0131r ve yer\u00e7ekimine kar\u015f\u0131 direncini art\u0131r\u0131r. Elastin sentezini uyar\u0131r, elastik lif yap\u0131s\u0131n\u0131n etkinli\u011fini korur ve \u00f6nemli bir lifting etkisi sa\u011flar.<\/p>\n<p>Peru pembe biber \u00f6z\u00fc, Peru pembe biberinden (Schinusmolle) elde edilen do\u011fal bir biyolojik i\u015flevli bile\u015fendir. Biyolojik g\u00fc\u00e7l\u00fc polifenoller Quercitin ve Michelianin a\u00e7\u0131s\u0131ndan zengindir. Bariyer i\u015flevlerini geri y\u00fckler ve cilt ge\u00e7irgenli\u011fini azaltmaya yard\u0131mc\u0131 olur. Gen\u00e7le\u015ftirici etkisi vard\u0131r, k\u0131r\u0131\u015f\u0131kl\u0131klar\u0131 azalt\u0131r ve cildi ferah b\u0131rak\u0131r. Temizleme etkisi: sebum \u00fcretimini azalt\u0131r, g\u00f6zeneklerin g\u00f6r\u00fcn\u00fcm\u00fcn\u00fc azalt\u0131r ve nemlendirir.<\/p>\n<p>Shea ya\u011f\u0131; cildin koruma i\u015flevini yeniler, cildi nemlendirir ve onar\u0131r. K\u0131r\u0131\u015f\u0131klarla sava\u015f\u0131r, cilt elastikiyetini art\u0131r\u0131r. Antioksidan ve gen\u00e7lik vitamini olarak bilinen E vitamini bak\u0131m\u0131ndan zengindir.<\/p>\n<p>Nar \u00e7ekirde\u011fi ya\u011f\u0131; cildin en sevdi\u011fi maddedir. Besler, nemlendirir, antioksidan \u00f6zelliklere sahiptir.<\/p>\n<p>Kiraz \u00e7ekirde\u011fi ya\u011f\u0131; ya\u015flanan ciltler i\u00e7in ger\u00e7ek bir iksirdir. Antioksidan. Fotoya\u015flanmaya kar\u015f\u0131 korur. Nemlendirir, rahatlat\u0131r.<\/p>\n<p>Stabilize C Vitamini; kolajen \u00fcretimini destekler. DNA&#8217;y\u0131 eksojen stresten korur. Cildi yumu\u015fatarak ve parlatarak melanogenezi azalt\u0131r.<\/p>\n<p>Trehaloz, y\u00fcksek higroskopikli\u011fe sahip do\u011fal bir nemlendirici bile\u015fendir. Gerekli seviyede epidermal nemi sa\u011flar.<\/p>\n<p>Bitkisel gliserin; epidermisin y\u00fczeyinde koruyucu bir nemli plaka olu\u015fturur, cildi besler ve nem kayb\u0131n\u0131 \u00f6nler. Esneklik, yumu\u015fakl\u0131k ve p\u00fcr\u00fczs\u00fczl\u00fck verir.[\/vc_column_text][\/vc_column][\/vc_row]<\/p>\n<\/div>","protected":false},"excerpt":{"rendered":"<ul>\n<li>Ya\u015flanmaya kar\u015f\u0131 koruma.<\/li>\n<li>Ya\u015flanma kar\u015f\u0131t\u0131 bak\u0131m.<\/li>\n<li>Y\u00fcz germe etkisi.<\/li>\n<li>Parlat\u0131c\u0131 etki.<\/li>\n<li>Nemlendirir.<\/li>\n<li>Yat\u0131\u015ft\u0131r\u0131r.<\/li>\n<li>Kire kar\u015f\u0131 korur.<\/li>\n<\/ul>\n","protected":false},"featured_media":11431,"template":"","meta":{"_acf_changed":false},"product_brand":[],"product_cat":[229],"product_tag":[292],"class_list":{"0":"post-11467","1":"product","2":"type-product","3":"status-publish","4":"has-post-thumbnail","6":"product_cat-229","7":"product_tag-su-an-stokta-ru","9":"first","10":"outofstock","11":"sale","12":"taxable","13":"shipping-taxable","14":"purchasable","15":"product-type-simple"},"acf":[],"_links":{"self":[{"href":"https:\/\/natr.com.tr\/ru\/wp-json\/wp\/v2\/product\/11467","targetHints":{"allow":["GET"]}}],"collection":[{"href":"https:\/\/natr.com.tr\/ru\/wp-json\/wp\/v2\/product"}],"about":[{"href":"https:\/\/natr.com.tr\/ru\/wp-json\/wp\/v2\/types\/product"}],"wp:featuredmedia":[{"embeddable":true,"href":"https:\/\/natr.com.tr\/ru\/wp-json\/wp\/v2\/media\/11431"}],"wp:attachment":[{"href":"https:\/\/natr.com.tr\/ru\/wp-json\/wp\/v2\/media?parent=11467"}],"wp:term":[{"taxonomy":"product_brand","embeddable":true,"href":"https:\/\/natr.com.tr\/ru\/wp-json\/wp\/v2\/product_brand?post=11467"},{"taxonomy":"product_cat","embeddable":true,"href":"https:\/\/natr.com.tr\/ru\/wp-json\/wp\/v2\/product_cat?post=11467"},{"taxonomy":"product_tag","embeddable":true,"href":"https:\/\/natr.com.tr\/ru\/wp-json\/wp\/v2\/product_tag?post=11467"}],"curies":[{"name":"wp","href":"https:\/\/api.w.org\/{rel}","templated":true}]}}