{"id":11468,"date":"2024-11-12T16:51:06","date_gmt":"2024-11-12T13:51:06","guid":{"rendered":"https:\/\/natr.com.tr\/urun\/arindirici-ve-matlastirici-yuz-icin-tonik\/"},"modified":"2026-04-03T11:53:48","modified_gmt":"2026-04-03T08:53:48","slug":"arindirici-ve-matlastirici-yuz-icin-tonik","status":"publish","type":"product","link":"https:\/\/natr.com.tr\/ru\/urun\/arindirici-ve-matlastirici-yuz-icin-tonik\/","title":{"rendered":"Ar\u0131nd\u0131r\u0131c\u0131 ve Matla\u015ft\u0131r\u0131c\u0131 Y\u00fcz \u0130\u00e7in Tonik"},"content":{"rendered":"<div class=\"wpb-content-wrapper\"><p>[vc_row][vc_column][vc_column_text css=&#8221;&#8221; woodmart_inline=&#8221;no&#8221; text_larger=&#8221;no&#8221;]<\/p>\n<h2>Ar\u0131nd\u0131r\u0131c\u0131 ve Matla\u015ft\u0131r\u0131c\u0131 Y\u00fcz \u0130\u00e7in Tonik<\/h2>\n<p>Cildinizi kirlerden nazik\u00e7e temizler, yat\u0131\u015ft\u0131r\u0131r ve yeniler, makyaj\u0131 temizler. An\u0131nda cildinizi matla\u015ft\u0131r\u0131r, sebum olu\u015fumunu engeller. Agresif \u00e7evresel fakt\u00f6rlere kar\u015f\u0131 korur ve oksidatif strese kar\u015f\u0131 do\u011fal savunmay\u0131 g\u00fc\u00e7lendirerek cildinizin detoks yapma kabiliyetini art\u0131r\u0131r. Ar\u0131nd\u0131r\u0131c\u0131 ve matla\u015ft\u0131r\u0131c\u0131 y\u00fcz toni\u011fini kulland\u0131ktan sonra cildinizi taze ve nemli hissedersiniz.   <\/p>\n<p>Avantajlar\u0131: paraben, parafin, formaldehit, silikon i\u00e7ermez.<\/p>\n<p>S\u0131v\u0131. Taze. Yap\u0131\u015fkan de\u011fil. Kadifemsi bir his b\u0131rak\u0131r.   <\/p>\n<p>Rodofit K\u0131rm\u0131z\u0131 Yosun \u00d6z\u00fc; cilt y\u00fczeyindeki oksitlenmi\u015f skualen miktar\u0131n\u0131 azaltarak antioksidan savunmay\u0131 g\u00fc\u00e7lendirir. Sebumu azalt\u0131r ve cilt h\u00fccrelerinin ya\u011f \u00fcretimini dengeler. Bariyer i\u015flevini eski haline getirerek cildi kirlenmeye kar\u015f\u0131 korur.  <\/p>\n<h3>Aktif maddeler Ar\u0131nd\u0131r\u0131c\u0131 ve Matla\u015ft\u0131r\u0131c\u0131 Y\u00fcz \u0130\u00e7in Tonik:<\/h3>\n<p>Plankton \u00f6z\u00fct\u00fc, deniz planktonu taraf\u0131ndan \u00fcretilen bir ekzopolisakkarittir. Uygulamadan sonra 1 saat i\u00e7inde mat bir etki sa\u011flayarak b\u00fcy\u00fck miktarda sebumu emip tutabilir. Aktif bile\u015feni cildin kurumas\u0131n\u0131 engeller.  <\/p>\n<p>Aloe Vera Jel; yat\u0131\u015ft\u0131r\u0131c\u0131, nemlendirici ve antioksidan \u00f6zelliklere sahiptir.<\/p>\n<p>Hamamelis hidrolat\u0131; temizleyici \u00f6zelliklere sahiptir, cildi s\u0131k\u0131la\u015ft\u0131r\u0131r, yat\u0131\u015ft\u0131r\u0131r ve nemlendirir.<\/p>\n<p>Bitkisel gliserin; epidermisin y\u00fczeyinde koruyucu ve nemli bir plaka olu\u015fturur, cildi besler ve nem kayb\u0131n\u0131 \u00f6nler. Esneklik, yumu\u015fakl\u0131k ve p\u00fcr\u00fczs\u00fczl\u00fck kazand\u0131r\u0131r.[\/vc_column_text][\/vc_column][\/vc_row]<\/p>\n<\/div>","protected":false},"excerpt":{"rendered":"<ul>\n<li>Nemlendirici.<\/li>\n<li>Tazeleyici.<\/li>\n<li>Temizleyici.<\/li>\n<li>Matla\u015ft\u0131r\u0131c\u0131.<\/li>\n<li>Rahatlat\u0131c\u0131.<\/li>\n<\/ul>\n","protected":false},"featured_media":11458,"template":"","meta":{"_acf_changed":false},"product_brand":[],"product_cat":[229],"product_tag":[292],"class_list":{"0":"post-11468","1":"product","2":"type-product","3":"status-publish","4":"has-post-thumbnail","6":"product_cat-229","7":"product_tag-su-an-stokta-ru","9":"first","10":"outofstock","11":"sale","12":"taxable","13":"shipping-taxable","14":"purchasable","15":"product-type-simple"},"acf":[],"_links":{"self":[{"href":"https:\/\/natr.com.tr\/ru\/wp-json\/wp\/v2\/product\/11468","targetHints":{"allow":["GET"]}}],"collection":[{"href":"https:\/\/natr.com.tr\/ru\/wp-json\/wp\/v2\/product"}],"about":[{"href":"https:\/\/natr.com.tr\/ru\/wp-json\/wp\/v2\/types\/product"}],"wp:featuredmedia":[{"embeddable":true,"href":"https:\/\/natr.com.tr\/ru\/wp-json\/wp\/v2\/media\/11458"}],"wp:attachment":[{"href":"https:\/\/natr.com.tr\/ru\/wp-json\/wp\/v2\/media?parent=11468"}],"wp:term":[{"taxonomy":"product_brand","embeddable":true,"href":"https:\/\/natr.com.tr\/ru\/wp-json\/wp\/v2\/product_brand?post=11468"},{"taxonomy":"product_cat","embeddable":true,"href":"https:\/\/natr.com.tr\/ru\/wp-json\/wp\/v2\/product_cat?post=11468"},{"taxonomy":"product_tag","embeddable":true,"href":"https:\/\/natr.com.tr\/ru\/wp-json\/wp\/v2\/product_tag?post=11468"}],"curies":[{"name":"wp","href":"https:\/\/api.w.org\/{rel}","templated":true}]}}