{"id":11469,"date":"2024-11-12T16:51:06","date_gmt":"2024-11-12T13:51:06","guid":{"rendered":"https:\/\/natr.com.tr\/urun\/goz-cevresi-icin-bakim-kremi-spf-15-revitalizing-eye-contour-cream\/"},"modified":"2026-04-03T11:22:54","modified_gmt":"2026-04-03T08:22:54","slug":"goz-cevresi-icin-bakim-kremi-spf-15-revitalizing-eye-contour-cream","status":"publish","type":"product","link":"https:\/\/natr.com.tr\/ru\/urun\/goz-cevresi-icin-bakim-kremi-spf-15-revitalizing-eye-contour-cream\/","title":{"rendered":"G\u00f6z \u00c7evresi I\u0307\u00e7in Bak\u0131m Kremi Spf 15 (Revitalizing Eye Contour Cream)"},"content":{"rendered":"<div class=\"wpb-content-wrapper\"><p>[vc_row][vc_column][vc_column_text css=&#8221;&#8221; woodmart_inline=&#8221;no&#8221; text_larger=&#8221;no&#8221;]<\/p>\n<h2>G\u00f6z \u00c7evresi I\u0307\u00e7in Bak\u0131m Kremi Spf 15 (Revitalizing Eye Contour Cream)<\/h2>\n<p>G\u00f6z \u00e7evresindeki hassas cilt i\u00e7in &#8220;deniz \u00fcr\u00fcnleri&#8221; bazl\u0131 \u00e7ok i\u015flevli krem sadece 24 saat nemlendirme sa\u011flamakla kalmaz, ayn\u0131 zamanda ya\u015flanma belirtileriyle de sava\u015f\u0131r. \u0130lk k\u0131r\u0131\u015f\u0131kl\u0131klar\u0131n \u00f6nlenmesini sa\u011flar, elastikiyet kayb\u0131na kar\u015f\u0131 sava\u015f\u0131r, cildi s\u0131k\u0131la\u015ft\u0131r\u0131r, g\u00f6z alt\u0131ndaki \u015fi\u015fkinlik ve koyu halkalar\u0131n giderilmesine yard\u0131mc\u0131 olur ve nem kayb\u0131n\u0131 \u00f6nler. Hafif, taze doku, \u00e7abuk emilir. G\u00f6z \u00e7evresi i\u00e7in tam bak\u0131m sa\u011flayan krem, deniz mikroorganizmalar\u0131n\u0131n biyoteknolojik \u00f6z\u00fcne dayanmaktad\u0131r.   <\/p>\n<p>Avantajlar\u0131: parabenler, parafinler, formaldehit, boyalar, silikonlar, etil alkol i\u00e7ermez.<\/p>\n<p>Hafif ve ipeksi. G\u00f6rsel olarak tazeler ve h\u0131zla emilir. <\/p>\n<h3>Aktif i\u00e7erik G\u00f6z \u00c7evresi I\u0307\u00e7in Bak\u0131m Kremi Spf 15 (Revitalizing Eye Contour Cream)<\/h3>\n<p>Ksilitol &#8220;odun \u015fekeridir&#8221;. Nemlendirir ve beyazlat\u0131r, kurulu\u011fu \u00f6nler. <\/p>\n<p>G\u00fcne\u015f filtreleri; g\u00fcnd\u00fcz korur, foto ya\u015flanmay\u0131 \u00f6nler.<\/p>\n<p>E. crustaceum \u00f6z\u00fc (kabuklu) &#8211; biyolojik olarak kullan\u0131labilir polifenoller bak\u0131m\u0131ndan zengindir. G\u00f6z \u00e7evresine tam bak\u0131m sa\u011flar. Kolajen ve elastin sentezini art\u0131r\u0131r. Glikasyonun son \u00fcr\u00fcnlerinin olu\u015fumunu azaltarak cilde gen\u00e7 bir g\u00f6r\u00fcn\u00fcm kazand\u0131r\u0131r. \u015ei\u015fli\u011fi hafifletir. Mikro sirk\u00fclasyonu iyile\u015ftirerek ve h\u00fccre d\u0131\u015f\u0131 matrisi g\u00fc\u00e7lendirerek yorgunluk belirtileriyle sava\u015f\u0131r.     <\/p>\n<p>Wakame \u00f6z\u00fc &#8211; deniz yosunu \u00f6z\u00fc. Polisakkaritler ve vitaminlerle zenginle\u015ftirilmi\u015ftir. Nemlendirici, yat\u0131\u015ft\u0131r\u0131c\u0131 ve yumu\u015fat\u0131c\u0131 \u00f6zelliklere sahiptir.[\/vc_column_text][\/vc_column][\/vc_row]<\/p>\n<\/div>","protected":false},"excerpt":{"rendered":"<ul>\n<li>Foto ya\u015flanmaya kar\u015f\u0131 koruma.<\/li>\n<li>Ya\u015flanma kar\u015f\u0131t\u0131 bak\u0131m.<\/li>\n<li>K\u0131r\u0131\u015f\u0131kl\u0131klarla sava\u015f\u0131r.<\/li>\n<li>Nemlendirir.<\/li>\n<li>G\u00f6zlerin alt\u0131ndaki koyu halkalarla sava\u015f\u0131r.<\/li>\n<\/ul>\n","protected":false},"featured_media":11448,"template":"","meta":{"_acf_changed":false},"product_brand":[],"product_cat":[291],"product_tag":[292],"class_list":{"0":"post-11469","1":"product","2":"type-product","3":"status-publish","4":"has-post-thumbnail","6":"product_cat-kisisel-bakim-urunleri-ru","7":"product_tag-su-an-stokta-ru","9":"first","10":"outofstock","11":"sale","12":"taxable","13":"shipping-taxable","14":"purchasable","15":"product-type-simple"},"acf":[],"_links":{"self":[{"href":"https:\/\/natr.com.tr\/ru\/wp-json\/wp\/v2\/product\/11469","targetHints":{"allow":["GET"]}}],"collection":[{"href":"https:\/\/natr.com.tr\/ru\/wp-json\/wp\/v2\/product"}],"about":[{"href":"https:\/\/natr.com.tr\/ru\/wp-json\/wp\/v2\/types\/product"}],"wp:featuredmedia":[{"embeddable":true,"href":"https:\/\/natr.com.tr\/ru\/wp-json\/wp\/v2\/media\/11448"}],"wp:attachment":[{"href":"https:\/\/natr.com.tr\/ru\/wp-json\/wp\/v2\/media?parent=11469"}],"wp:term":[{"taxonomy":"product_brand","embeddable":true,"href":"https:\/\/natr.com.tr\/ru\/wp-json\/wp\/v2\/product_brand?post=11469"},{"taxonomy":"product_cat","embeddable":true,"href":"https:\/\/natr.com.tr\/ru\/wp-json\/wp\/v2\/product_cat?post=11469"},{"taxonomy":"product_tag","embeddable":true,"href":"https:\/\/natr.com.tr\/ru\/wp-json\/wp\/v2\/product_tag?post=11469"}],"curies":[{"name":"wp","href":"https:\/\/api.w.org\/{rel}","templated":true}]}}