{"id":11470,"date":"2024-11-12T16:51:06","date_gmt":"2024-11-12T13:51:06","guid":{"rendered":"https:\/\/natr.com.tr\/urun\/sac-kremi-enerji-restorasyon-ve-saglik-sac-derisinin-sagligi-energy-conditioner\/"},"modified":"2026-04-03T11:53:39","modified_gmt":"2026-04-03T08:53:39","slug":"sac-kremi-enerji-restorasyon-ve-saglik-sac-derisinin-sagligi-energy-conditioner","status":"publish","type":"product","link":"https:\/\/natr.com.tr\/ru\/urun\/sac-kremi-enerji-restorasyon-ve-saglik-sac-derisinin-sagligi-energy-conditioner\/","title":{"rendered":"Sa\u00e7 Kremi Enerji, Restorasyon Ve Sa\u011fl\u0131k. Sa\u00e7 Derisinin Sa\u011fl\u0131\u011f\u0131 (Energy Conditioner)"},"content":{"rendered":"<div class=\"wpb-content-wrapper\"><p>[vc_row][vc_column][vc_column_text css=&#8221;&#8221; woodmart_inline=&#8221;no&#8221; text_larger=&#8221;no&#8221;]<\/p>\n<h2>Sa\u00e7 Kremi Enerji, Restorasyon Ve Sa\u011fl\u0131k. Sa\u00e7 Derisinin Sa\u011fl\u0131\u011f\u0131 (Energy Conditioner) <\/h2>\n<p>Hafif form\u00fcl\u00fc sayesinde ayn\u0131 seriden \u015fampuanla birlikte g\u00fcnl\u00fck kullan\u0131ma uygundur. Donuk sa\u00e7lara parlakl\u0131k ve sa\u011fl\u0131kl\u0131 bir g\u00f6r\u00fcn\u00fcm kazand\u0131rarak yumu\u015fakl\u0131k verir.  Erkekler ve kad\u0131nlar i\u00e7in hem ya\u011fl\u0131 hem de normal sa\u00e7lar i\u00e7in uygundur.<\/p>\n<h3>Aktif i\u00e7erik Sa\u00e7 Kremi Enerji, Restorasyon Ve Sa\u011fl\u0131k. Sa\u00e7 Derisinin Sa\u011fl\u0131\u011f\u0131 (Energy Conditioner) <\/h3>\n<p>Hidrolize keratin; amino asitler, vitaminler ve mikro elementlerden olu\u015fan bir proteindir. Sa\u00e7a g\u00fc\u00e7 sa\u011flayan h\u00fccresel k\u00f6pr\u00fcler Hidrolize keratin\u2019den yap\u0131l\u0131r. Agresif sa\u00e7 boyalar\u0131, \u015fekillendirme ma\u015falar\u0131 ve di\u011fer stresli etkiler, keratin i\u00e7eri\u011finin azalmas\u0131na ve sa\u00e7 yap\u0131s\u0131n\u0131n tahrip olmas\u0131na neden olur. Hidrolize keratin, do\u011fal keratine \u00e7ok benzer ve onun yerini al\u0131r. Sa\u00e7 \u00fczerinde koruyucu bir film olu\u015fturur. \u00d6zellikle y\u0131pranm\u0131\u015f sa\u00e7lar\u0131n bak\u0131m\u0131nda etkilidir.     <\/p>\n<p>Gliserin; nemi uzun s\u00fcre korur, suyun buharla\u015fmas\u0131n\u0131 \u00f6nler.<\/p>\n<p>E vitamini; bir antioksidand\u0131r. Oksijen al\u0131m\u0131n\u0131 art\u0131r\u0131r, kafa derisindeki kan dola\u015f\u0131m\u0131n\u0131 iyile\u015ftirir.  Sa\u00e7 b\u00fcy\u00fcmesini destekler. Renk ve parlakl\u0131k kayb\u0131n\u0131 \u00f6nler. Genel sa\u00e7 sa\u011fl\u0131\u011f\u0131n\u0131 destekler.<\/p>\n<p>\u00c7inko glukonat; g\u00f6zenekleri nazik\u00e7e s\u0131k\u0131la\u015ft\u0131r\u0131r ve sebum (ya\u011f) \u00fcretimini d\u00fczenler. Kolajen formunu yenileyerek g\u00fc\u00e7l\u00fc bir ya\u015flanma kar\u015f\u0131t\u0131 etki sa\u011flar. \u00c7inko, imm\u00fcnomod\u00fclat\u00f6r, antiseptik \u00f6zelliklere sahiptir, sa\u00e7 yap\u0131s\u0131n\u0131 korur ve yumu\u015fat\u0131r. N\u00fckleik asitlerin ve proteinin sentezinde rol oynayan enzimin ek fakt\u00f6r\u00fcd\u00fcr.<\/p>\n<p>Panthenol; pantotenik asidin (B5 vitamini) \u00f6nc\u00fcs\u00fcd\u00fcr. Panthenol, nem tutma \u00f6zelli\u011finden dolay\u0131 hasarl\u0131 ve kuru sa\u00e7lar \u00fczerinde faydal\u0131 bir etki sa\u011flar.<\/p>\n<p>Amodimetikon; bir silikondur. Sa\u00e7 y\u00fczeyinde kirlilikten ve agresif \u00e7evresel etkilerden koruyan bir film olu\u015fturur. Sa\u00e7a parlakl\u0131k ve sa\u011fl\u0131kl\u0131 g\u00f6r\u00fcn\u00fcm kazand\u0131r\u0131r, termal koruma sa\u011flar.  <\/p>\n<p>Polikuaterniyum-7; katyonik bir polimerdir. Sa\u00e7 kremi (sa\u00e7 taramay\u0131 kolayla\u015ft\u0131r\u0131r), sa\u00e7\u0131 yumu\u015fak, ipeksi ve parlak yapar. Sa\u00e7\u0131n nemi emme kabiliyetini azaltarak, sa\u00e7 \u015feklini daha kolay tutmay\u0131 destekler.[\/vc_column_text][\/vc_column][\/vc_row]<\/p>\n<\/div>","protected":false},"excerpt":{"rendered":"<ul>\n<li>Normal ve ya\u011fl\u0131 sa\u00e7lar i\u00e7in.<\/li>\n<li>Sa\u00e7 derisinin pH dengesini korur.<\/li>\n<li>Ya\u011f engelleyici.<\/li>\n<li>Sa\u00e7\u0131n\u0131za canl\u0131 bir g\u00f6r\u00fcn\u00fcm kazand\u0131r\u0131r.<\/li>\n<li>P\u00fcr\u00fczs\u00fczl\u00fck verir.<\/li>\n<\/ul>\n","protected":false},"featured_media":11445,"template":"","meta":{"_acf_changed":false},"product_brand":[],"product_cat":[291],"product_tag":[],"class_list":{"0":"post-11470","1":"product","2":"type-product","3":"status-publish","4":"has-post-thumbnail","6":"product_cat-kisisel-bakim-urunleri-ru","8":"first","9":"outofstock","10":"sale","11":"taxable","12":"shipping-taxable","13":"purchasable","14":"product-type-simple"},"acf":[],"_links":{"self":[{"href":"https:\/\/natr.com.tr\/ru\/wp-json\/wp\/v2\/product\/11470","targetHints":{"allow":["GET"]}}],"collection":[{"href":"https:\/\/natr.com.tr\/ru\/wp-json\/wp\/v2\/product"}],"about":[{"href":"https:\/\/natr.com.tr\/ru\/wp-json\/wp\/v2\/types\/product"}],"wp:featuredmedia":[{"embeddable":true,"href":"https:\/\/natr.com.tr\/ru\/wp-json\/wp\/v2\/media\/11445"}],"wp:attachment":[{"href":"https:\/\/natr.com.tr\/ru\/wp-json\/wp\/v2\/media?parent=11470"}],"wp:term":[{"taxonomy":"product_brand","embeddable":true,"href":"https:\/\/natr.com.tr\/ru\/wp-json\/wp\/v2\/product_brand?post=11470"},{"taxonomy":"product_cat","embeddable":true,"href":"https:\/\/natr.com.tr\/ru\/wp-json\/wp\/v2\/product_cat?post=11470"},{"taxonomy":"product_tag","embeddable":true,"href":"https:\/\/natr.com.tr\/ru\/wp-json\/wp\/v2\/product_tag?post=11470"}],"curies":[{"name":"wp","href":"https:\/\/api.w.org\/{rel}","templated":true}]}}