{"id":11483,"date":"2024-11-12T16:51:06","date_gmt":"2024-11-12T13:51:06","guid":{"rendered":"https:\/\/natr.com.tr\/urun\/dus-jeli-manolya-buyusu-magnolia-charm-shower-gel\/"},"modified":"2026-04-03T11:22:47","modified_gmt":"2026-04-03T08:22:47","slug":"dus-jeli-manolya-buyusu-magnolia-charm-shower-gel","status":"publish","type":"product","link":"https:\/\/natr.com.tr\/ru\/urun\/dus-jeli-manolya-buyusu-magnolia-charm-shower-gel\/","title":{"rendered":"Du\u015f Jeli Manolya B\u00fcy\u00fcs\u00fc (Magnolia Charm Shower Gel)"},"content":{"rendered":"<div class=\"wpb-content-wrapper\"><p>[vc_row][vc_column][vc_column_text css=&#8221;&#8221; woodmart_inline=&#8221;no&#8221; text_larger=&#8221;no&#8221;]<\/p>\n<h2>Du\u015f Jeli Manolya B\u00fcy\u00fcs\u00fc (Magnolia Charm Shower Gel)<\/h2>\n<p>Jel cildinizi nazik\u00e7e temizler, cildinizde kal\u0131c\u0131 ve b\u00fcy\u00fcleyici bir koku b\u0131rak\u0131r, hafif narenciye notas\u0131yla tatl\u0131 bir kokuya sahiptir. Bu rit\u00fcelin tad\u0131n\u0131 \u00e7\u0131kar\u0131n ve manolya kokusunun cildinizde b\u0131rakt\u0131\u011f\u0131 etkiyi hissedin. <\/p>\n<p>Aktif i\u00e7erik<br \/>\nManolya \u00f6z\u00fc; \u00e7i\u00e7eklerden ve tomurcuklardan elde edilir, \u015fi\u015fkinli\u011fi azalt\u0131r ve rahatlat\u0131c\u0131 bir etkiye sahiptir. Hassas ciltlerin bak\u0131m\u0131nda etkin bir \u015fekilde kullan\u0131lmaktad\u0131r. <\/p>\n<p>Gliserin; epidermisin y\u00fczeyinde nemli bir film olu\u015fturur. Cilde elastikiyet, yumu\u015fakl\u0131k ve p\u00fcr\u00fczs\u00fczl\u00fc\u011f\u00fc geri kazand\u0131r\u0131r. <\/p>\n<p>Cocamidopropyl Betaine: tahri\u015f indeksi d\u00fc\u015f\u00fck olan bir y\u00fczey aktif maddelerin kar\u0131\u015f\u0131m\u0131d\u0131r. SLES&#8217;in tahri\u015f edici etkisini azalt\u0131r. Hassas ciltler i\u00e7in uygundur.[\/vc_column_text][\/vc_column][\/vc_row]<\/p>\n<\/div>","protected":false},"excerpt":{"rendered":"<ul>\n<li>Cildi Nazik\u00e7e Temizler.<\/li>\n<li>Aroma Terapi.<\/li>\n<\/ul>\n","protected":false},"featured_media":11383,"template":"","meta":{"_acf_changed":false},"product_brand":[],"product_cat":[229],"product_tag":[292],"class_list":{"0":"post-11483","1":"product","2":"type-product","3":"status-publish","4":"has-post-thumbnail","6":"product_cat-229","7":"product_tag-su-an-stokta-ru","9":"first","10":"outofstock","11":"sale","12":"taxable","13":"shipping-taxable","14":"purchasable","15":"product-type-simple"},"acf":[],"_links":{"self":[{"href":"https:\/\/natr.com.tr\/ru\/wp-json\/wp\/v2\/product\/11483","targetHints":{"allow":["GET"]}}],"collection":[{"href":"https:\/\/natr.com.tr\/ru\/wp-json\/wp\/v2\/product"}],"about":[{"href":"https:\/\/natr.com.tr\/ru\/wp-json\/wp\/v2\/types\/product"}],"wp:featuredmedia":[{"embeddable":true,"href":"https:\/\/natr.com.tr\/ru\/wp-json\/wp\/v2\/media\/11383"}],"wp:attachment":[{"href":"https:\/\/natr.com.tr\/ru\/wp-json\/wp\/v2\/media?parent=11483"}],"wp:term":[{"taxonomy":"product_brand","embeddable":true,"href":"https:\/\/natr.com.tr\/ru\/wp-json\/wp\/v2\/product_brand?post=11483"},{"taxonomy":"product_cat","embeddable":true,"href":"https:\/\/natr.com.tr\/ru\/wp-json\/wp\/v2\/product_cat?post=11483"},{"taxonomy":"product_tag","embeddable":true,"href":"https:\/\/natr.com.tr\/ru\/wp-json\/wp\/v2\/product_tag?post=11483"}],"curies":[{"name":"wp","href":"https:\/\/api.w.org\/{rel}","templated":true}]}}