{"id":11484,"date":"2024-11-12T16:51:06","date_gmt":"2024-11-12T13:51:06","guid":{"rendered":"https:\/\/natr.com.tr\/urun\/nemlendirici-yuz-kremi-spf15-48-saat-yogun-etki-moisturizing-face-cream-intensive-hydration\/"},"modified":"2026-04-03T11:19:52","modified_gmt":"2026-04-03T08:19:52","slug":"nemlendirici-yuz-kremi-spf15-48-saat-yogun-etki-moisturizing-face-cream-intensive-hydration","status":"publish","type":"product","link":"https:\/\/natr.com.tr\/ru\/urun\/nemlendirici-yuz-kremi-spf15-48-saat-yogun-etki-moisturizing-face-cream-intensive-hydration\/","title":{"rendered":"Nemlendirici Y\u00fcz Kremi Spf15. 48 Saat Yo\u011fun Etki (Moisturizing Face Cream. Intensive Hydration)"},"content":{"rendered":"<div class=\"wpb-content-wrapper\"><p>[vc_row][vc_column][vc_column_text css=&#8221;&#8221; woodmart_inline=&#8221;no&#8221; text_larger=&#8221;no&#8221;]<\/p>\n<h2>Nemlendirici Y\u00fcz Kremi Spf15. 48 Saat Yo\u011fun Etki (Moisturizing Face Cream. Intensive Hydration) <\/h2>\n<p>Hafif, ya\u011fl\u0131 olmayan doku ve cildi uzun s\u00fcre nemli b\u0131rak\u0131r. Krem, cildi fotoya\u015flanma ve oksidatif stresten korumaya yard\u0131mc\u0131 olan SPF15 filtreleri i\u00e7erir. Krem, amino asitlere (prolin, alanin, serin) dayal\u0131 Mega Nemlendirici Aktif kompleks ile ve epidermisin daha derin katmanlar\u0131ndan su buharla\u015fmas\u0131n\u0131 en aza indiren ve cildi yenileyen Pseudoalteromonas Ferment \u00f6z\u00fc ile zenginle\u015ftirilmi\u015ftir. 48 saat i\u00e7inde nemlendirme ve \u00e7ok y\u00f6nl\u00fc m\u00fckemmel bak\u0131m sa\u011flar. Pembe biberden elde edilen etken madde, temizlik maddesi olarak g\u00f6revi g\u00f6r\u00fcr.    <\/p>\n<p>Avantajlar\u0131: parabenler, parafinler, formaldehit, boyalar, silikonlar, etil alkol i\u00e7ermez.<\/p>\n<p>Harika kremsi dokusu. Kolay uygulan\u0131r ve ya\u011fl\u0131 bir parlakl\u0131k b\u0131rakmadan \u00e7abuk emilir. <\/p>\n<h3>Aktif i\u00e7erik Nemlendirici Y\u00fcz Kremi Spf15. 48 Saat Yo\u011fun Etki (Moisturizing Face Cream. Intensive Hydration) <\/h3>\n<p>Hyaluronik asit; yeni h\u00fccrelerin olu\u015fumunu destekler, cilt tonunu etkili bir \u015fekilde nemlendirir ve geri y\u00fckler. Suyu m\u00fckemmel ba\u011flama ve tutma kabiliyeti sayesinde, m\u00fckemmel bir nemlendirme bile\u015feni g\u00f6revi g\u00f6r\u00fcr: \u00fcst tabakaya su verir ve buharla\u015fmay\u0131 \u00f6nleyen bir film olu\u015fturur. Cilt nemli g\u00f6r\u00fcn\u00fcyor ve uzun s\u00fcre bu \u015fekilde kal\u0131yor.  <\/p>\n<p>G\u00fcne\u015f filtreleri; g\u00fcnd\u00fcz koruma. Fotoya\u015flanmay\u0131 \u00f6nler. <\/p>\n<p>Illipe ya\u011f\u0131; m\u00fckemmel besleyici \u00f6zelliklere sahiptir. Ya\u011f asitleri bak\u0131m\u0131ndan zengindir.  Cilt elastikiyetini art\u0131r\u0131r.<\/p>\n<p>Pirin\u00e7 ni\u015fastas\u0131; hassas ciltler i\u00e7in uygundur, cilde mat ve e\u015fit bir renk verir.<\/p>\n<p>Mega Nemlendirici Aktif; 2 yenilik\u00e7i hedefli kompleks i\u00e7erir. Prolin, alanin, serin amino asitlerine ve Pseudoalteromonas bakterisinin \u00f6z\u00fct\u00fcne dayanan bir komplekstir. An\u0131nda ve uzun s\u00fcreli nemlendirme etkisine sahiptir. IQ-hidrasyon kompleksi, cildin y\u00fczeyinde &#8220;ak\u0131ll\u0131&#8221; bir \u00e7ift ya\u011f tabakas\u0131 olu\u015fturur, do\u011fal bariyer \u00f6zelliklerini g\u00fc\u00e7lendirir, 48 saate kadar nemlendirmeye sa\u011flar ve cildi \u00e7evresel ko\u015fullara uyarlar.   <\/p>\n<p>Peru pembe biber \u00f6z\u00fc; Peru pembe biberinden (Schinus molle) elde edilen do\u011fal bir biyolojik i\u015flevli bile\u015fendir. Biyolojik g\u00fc\u00e7l\u00fc polifenoller Quercitin ve Michelianin a\u00e7\u0131s\u0131ndan zengindir. Bariyer (koruma) i\u015flevlerini geri y\u00fckler ve cilt ge\u00e7irgenli\u011fini azaltmaya yard\u0131mc\u0131 olur. Gen\u00e7le\u015ftirici etkisi vard\u0131r, k\u0131r\u0131\u015f\u0131kl\u0131klar\u0131 azalt\u0131r ve cildi ferah b\u0131rak\u0131r. Temizleme etkisi: sebum \u00fcretimini azalt\u0131r, g\u00f6zeneklerin g\u00f6r\u00fcn\u00fcm\u00fcn\u00fc azalt\u0131r, nemlendirir.[\/vc_column_text][\/vc_column][\/vc_row]<\/p>\n<\/div>","protected":false},"excerpt":{"rendered":"<ul>\n<li>Uzun s\u00fcreli nemlendirir.<\/li>\n<li>Evrensel bak\u0131m ve ya\u015flanmay\u0131 \u00f6nler.<\/li>\n<li>G\u00fcne\u015ften korur.<\/li>\n<li>Tazeler.<\/li>\n<li>Canland\u0131r\u0131r.<\/li>\n<li>Parlatma etkisi.<\/li>\n<\/ul>\n","protected":false},"featured_media":11385,"template":"","meta":{"_acf_changed":false},"product_brand":[],"product_cat":[291],"product_tag":[292],"class_list":{"0":"post-11484","1":"product","2":"type-product","3":"status-publish","4":"has-post-thumbnail","6":"product_cat-kisisel-bakim-urunleri-ru","7":"product_tag-su-an-stokta-ru","9":"first","10":"outofstock","11":"sale","12":"taxable","13":"shipping-taxable","14":"purchasable","15":"product-type-simple"},"acf":[],"_links":{"self":[{"href":"https:\/\/natr.com.tr\/ru\/wp-json\/wp\/v2\/product\/11484","targetHints":{"allow":["GET"]}}],"collection":[{"href":"https:\/\/natr.com.tr\/ru\/wp-json\/wp\/v2\/product"}],"about":[{"href":"https:\/\/natr.com.tr\/ru\/wp-json\/wp\/v2\/types\/product"}],"wp:featuredmedia":[{"embeddable":true,"href":"https:\/\/natr.com.tr\/ru\/wp-json\/wp\/v2\/media\/11385"}],"wp:attachment":[{"href":"https:\/\/natr.com.tr\/ru\/wp-json\/wp\/v2\/media?parent=11484"}],"wp:term":[{"taxonomy":"product_brand","embeddable":true,"href":"https:\/\/natr.com.tr\/ru\/wp-json\/wp\/v2\/product_brand?post=11484"},{"taxonomy":"product_cat","embeddable":true,"href":"https:\/\/natr.com.tr\/ru\/wp-json\/wp\/v2\/product_cat?post=11484"},{"taxonomy":"product_tag","embeddable":true,"href":"https:\/\/natr.com.tr\/ru\/wp-json\/wp\/v2\/product_tag?post=11484"}],"curies":[{"name":"wp","href":"https:\/\/api.w.org\/{rel}","templated":true}]}}