{"id":11485,"date":"2024-11-12T16:51:06","date_gmt":"2024-11-12T13:51:06","guid":{"rendered":"https:\/\/natr.com.tr\/urun\/yaslanma-karsiti-goz-cevresi-icin-krem-spf15-40-anti-age-eye-contour-cream\/"},"modified":"2026-04-03T11:19:55","modified_gmt":"2026-04-03T08:19:55","slug":"yaslanma-karsiti-goz-cevresi-icin-krem-spf15-40-anti-age-eye-contour-cream","status":"publish","type":"product","link":"https:\/\/natr.com.tr\/ru\/urun\/yaslanma-karsiti-goz-cevresi-icin-krem-spf15-40-anti-age-eye-contour-cream\/","title":{"rendered":"Ya\u015flanma Kar\u015f\u0131t\u0131 G\u00f6z \u00c7evresi I\u0307\u00e7in Krem Spf15. 40+ (Anti-age Eye Contour Cream)"},"content":{"rendered":"<div class=\"wpb-content-wrapper\"><p>[vc_row][vc_column][vc_column_text css=&#8221;&#8221; woodmart_inline=&#8221;no&#8221; text_larger=&#8221;no&#8221;]<\/p>\n<h2>Ya\u015flanma Kar\u015f\u0131t\u0131 G\u00f6z \u00c7evresi I\u0307\u00e7in Krem Spf15. 40+ (Anti-age Eye Contour Cream)<\/h2>\n<p>G\u00f6z kremi birka\u00e7 \u015fekilde \u00e7al\u0131\u015f\u0131r: nem kayb\u0131n\u0131 \u00f6nler, g\u00f6z \u00e7evresindeki hassas cildin sa\u011fl\u0131kl\u0131 dengesini korumaya yard\u0131mc\u0131 olur, ultraviyole \u0131\u015f\u0131nlar\u0131n\u0131n ve \u00e7evresel kirleticilerin zararl\u0131 etkilerine kar\u015f\u0131 korur, kollajen \u00fcretimini uyar\u0131r ve derin k\u0131r\u0131\u015f\u0131kl\u0131klar\u0131 azalt\u0131r, \u015fi\u015fkinli\u011fi ve koyu halkalar\u0131 \u00f6nlemeye yard\u0131mc\u0131 olur. G\u00f6z \u00e7evresi b\u00f6lgesi i\u00e7in tam bak\u0131m sa\u011flayan, deniz mikroorganizmalar\u0131n\u0131n biyoteknolojik \u00f6z\u00fcne dayanan kremdir. G\u00fczel g\u00f6r\u00fcn\u00fcm\u00fcn\u00fcz\u00fcn anahtar\u0131d\u0131r. Kremin form\u00fcl\u00fcn\u00fcn yenilik\u00e7i ek\u2019i Xylitol, y\u00fcz\u00fc g\u00f6rsel olarak tazeleyen ve g\u00f6z \u00e7evresini ayd\u0131nlatma yard\u0131mc\u0131d\u0131r.<\/p>\n<p>Avantajlar\u0131: parabenler, parafinler, formaldehit, boyalar, silikonlar, etil alkol i\u00e7ermez.<\/p>\n<p>Hafif, ipeksi. \u00c7abucak tazeler ve emer<\/p>\n<h3>Aktif i\u00e7erik Ya\u015flanma Kar\u015f\u0131t\u0131 G\u00f6z \u00c7evresi I\u0307\u00e7in Krem Spf15. 40+ (Anti-age Eye Contour Cream)<\/h3>\n<p>Ksilitol &#8220;a\u011fa\u00e7 \u015fekeridir&#8221;. Nemlendirir ve beyazlat\u0131r, kurulu\u011fu \u00f6nler.<\/p>\n<p>G\u00fcne\u015f filtreleri; cildi g\u00fcnd\u00fcz korur, fotoya\u015flanmay\u0131 \u00f6nler.<\/p>\n<p>E. crustaceum \u00f6z\u00fc (kabuklular): kullan\u0131labilir biyolojik polifenoller bak\u0131m\u0131ndan zengindir. G\u00f6z \u00e7evresine tam bak\u0131m sa\u011flar. Kolajen ve elastin sentezini art\u0131r\u0131r. Glikasyonu azaltarak cilde gen\u00e7 bir g\u00f6r\u00fcn\u00fcm kazand\u0131r\u0131r. \u015ei\u015fli\u011fi hafifletir. Mikro sirk\u00fclasyonu iyile\u015ftirerek, h\u00fccre d\u0131\u015f\u0131 matrisi g\u00fc\u00e7lendirerek yorgunluk izleriyle sava\u015f\u0131r.<\/p>\n<p>Lotus \u00f6z\u00fc: Do\u011fu\u2019da kad\u0131nlar\u0131n g\u00fczelli\u011finin bir sembol\u00fcd\u00fcr. Cildi rahatlat\u0131r ve tazeler, beyazlat\u0131c\u0131 etkisi vard\u0131r.<\/p>\n<p>Pirin\u00e7 ni\u015fastas\u0131; hassas ciltler i\u00e7in uygundur. Cilde mat ve e\u015fit bir renk verir.[\/vc_column_text][\/vc_column][\/vc_row]<\/p>\n<\/div>","protected":false},"excerpt":{"rendered":"<ul>\n<li>Foto ya\u015flanmaya kar\u015f\u0131 koruma.<\/li>\n<li>Ya\u015flanma kar\u015f\u0131t\u0131 bak\u0131m.<\/li>\n<li>K\u0131r\u0131\u015f\u0131kl\u0131klarla m\u00fccadele.<\/li>\n<li>Parlat\u0131c\u0131 etki.<\/li>\n<li>G\u00f6zlerin alt\u0131ndaki koyu halkalarla ve torbalarla sava\u015f\u0131r.<\/li>\n<li>Nemlendirir.<\/li>\n<\/ul>\n","protected":false},"featured_media":11452,"template":"","meta":{"_acf_changed":false},"product_brand":[],"product_cat":[229],"product_tag":[292],"class_list":{"0":"post-11485","1":"product","2":"type-product","3":"status-publish","4":"has-post-thumbnail","6":"product_cat-229","7":"product_tag-su-an-stokta-ru","9":"first","10":"outofstock","11":"sale","12":"taxable","13":"shipping-taxable","14":"purchasable","15":"product-type-simple"},"acf":[],"_links":{"self":[{"href":"https:\/\/natr.com.tr\/ru\/wp-json\/wp\/v2\/product\/11485","targetHints":{"allow":["GET"]}}],"collection":[{"href":"https:\/\/natr.com.tr\/ru\/wp-json\/wp\/v2\/product"}],"about":[{"href":"https:\/\/natr.com.tr\/ru\/wp-json\/wp\/v2\/types\/product"}],"wp:featuredmedia":[{"embeddable":true,"href":"https:\/\/natr.com.tr\/ru\/wp-json\/wp\/v2\/media\/11452"}],"wp:attachment":[{"href":"https:\/\/natr.com.tr\/ru\/wp-json\/wp\/v2\/media?parent=11485"}],"wp:term":[{"taxonomy":"product_brand","embeddable":true,"href":"https:\/\/natr.com.tr\/ru\/wp-json\/wp\/v2\/product_brand?post=11485"},{"taxonomy":"product_cat","embeddable":true,"href":"https:\/\/natr.com.tr\/ru\/wp-json\/wp\/v2\/product_cat?post=11485"},{"taxonomy":"product_tag","embeddable":true,"href":"https:\/\/natr.com.tr\/ru\/wp-json\/wp\/v2\/product_tag?post=11485"}],"curies":[{"name":"wp","href":"https:\/\/api.w.org\/{rel}","templated":true}]}}