{"id":11643,"date":"2024-11-12T16:51:11","date_gmt":"2024-11-12T13:51:11","guid":{"rendered":"https:\/\/natr.com.tr\/urun\/kalp-sagligi-healthy-heart\/"},"modified":"2026-04-01T20:53:22","modified_gmt":"2026-04-01T17:53:22","slug":"kalp-sagligi-healthy-heart","status":"publish","type":"product","link":"https:\/\/natr.com.tr\/ru\/urun\/kalp-sagligi-healthy-heart\/","title":{"rendered":"Kalp Sa\u011fl\u0131\u011f\u0131 (Healthy Heart)"},"content":{"rendered":"<div class=\"wpb-content-wrapper\"><p>[vc_row][vc_column][vc_column_text css=&#8221;&#8221; woodmart_inline=&#8221;no&#8221; text_larger=&#8221;no&#8221;]<\/p>\n<h2>Kalp Sa\u011fl\u0131\u011f\u0131 (Healthy Heart)<\/h2>\n<h3>\u00dcr\u00fcn stok bilgisi i\u00e7in l\u00fctfen aray\u0131n\u0131z<\/h3>\n<h2>\u0421\u043e\u0441\u0442\u0430\u0432:<\/h2>\n<table width=\"369\">\n<tbody>\n<tr>\n<td width=\"369\"><a href=\"https:\/\/natr.com.tr\/ru\/urun\/co-q10\/\" target=\"_blank\" rel=\"noopener\">Koenzim Q10-100 mg (Co Q10) 4135<\/a><\/td>\n<\/tr>\n<tr>\n<td><a href=\"https:\/\/natr.com.tr\/ru\/urun\/omega-3-epa\/\">OMEGA 3 (Omega 3 EPA) 1609<\/a><\/td>\n<\/tr>\n<tr>\n<td><a href=\"https:\/\/natr.com.tr\/ru\/urun\/hawthorn-plus\/\" target=\"_blank\" rel=\"noopener\">Al\u0131\u00e7 (Hawthorn Plus) 930<\/a><\/td>\n<\/tr>\n<tr>\n<td><a href=\"https:\/\/natr.com.tr\/ru\/urun\/super-complex\/\" target=\"_blank\" rel=\"noopener\">Vitamin ve Mineral (Super Complex) 4052<\/a><\/td>\n<\/tr>\n<tr>\n<td><a href=\"https:\/\/natr.com.tr\/ru\/urun\/lecithin\/\" target=\"_blank\" rel=\"noopener\">Lesitin (Lecithin) 1661<\/a><\/td>\n<\/tr>\n<\/tbody>\n<\/table>\n<p>[\/vc_column_text][\/vc_column][\/vc_row]<\/p>\n<\/div>","protected":false},"excerpt":{"rendered":"<ul>\n<li>\u00dcr\u00fcn stok bilgisi i\u00e7in l\u00fctfen aray\u0131n\u0131z.<\/li>\n<\/ul>\n","protected":false},"featured_media":11413,"template":"","meta":{"_acf_changed":false},"product_brand":[],"product_cat":[229],"product_tag":[292],"class_list":{"0":"post-11643","1":"product","2":"type-product","3":"status-publish","4":"has-post-thumbnail","6":"product_cat-229","7":"product_tag-su-an-stokta-ru","9":"first","10":"outofstock","11":"sale","12":"taxable","13":"shipping-taxable","14":"purchasable","15":"product-type-simple"},"acf":[],"_links":{"self":[{"href":"https:\/\/natr.com.tr\/ru\/wp-json\/wp\/v2\/product\/11643","targetHints":{"allow":["GET"]}}],"collection":[{"href":"https:\/\/natr.com.tr\/ru\/wp-json\/wp\/v2\/product"}],"about":[{"href":"https:\/\/natr.com.tr\/ru\/wp-json\/wp\/v2\/types\/product"}],"wp:featuredmedia":[{"embeddable":true,"href":"https:\/\/natr.com.tr\/ru\/wp-json\/wp\/v2\/media\/11413"}],"wp:attachment":[{"href":"https:\/\/natr.com.tr\/ru\/wp-json\/wp\/v2\/media?parent=11643"}],"wp:term":[{"taxonomy":"product_brand","embeddable":true,"href":"https:\/\/natr.com.tr\/ru\/wp-json\/wp\/v2\/product_brand?post=11643"},{"taxonomy":"product_cat","embeddable":true,"href":"https:\/\/natr.com.tr\/ru\/wp-json\/wp\/v2\/product_cat?post=11643"},{"taxonomy":"product_tag","embeddable":true,"href":"https:\/\/natr.com.tr\/ru\/wp-json\/wp\/v2\/product_tag?post=11643"}],"curies":[{"name":"wp","href":"https:\/\/api.w.org\/{rel}","templated":true}]}}