{"id":964,"date":"2024-11-12T16:51:11","date_gmt":"2024-11-12T13:51:11","guid":{"rendered":"http:\/\/natr.com.tr\/?post_type=product&#038;p=964"},"modified":"2025-08-28T07:45:57","modified_gmt":"2025-08-28T04:45:57","slug":"antistres","status":"publish","type":"product","link":"https:\/\/natr.com.tr\/ru\/urun\/antistres\/","title":{"rendered":"Antistres (Antistress)"},"content":{"rendered":"<div class=\"wpb-content-wrapper\"><p>[vc_row][vc_column][vc_column_text css=&#8221;&#8221; woodmart_inline=&#8221;no&#8221; text_larger=&#8221;no&#8221;]<\/p>\n<h2>Antistres (Antistress)<\/h2>\n<h3>\u00dcr\u00fcn stok bilgisi i\u00e7in l\u00fctfen aray\u0131n\u0131z<\/h3>\n<h3>\u0130\u00e7indekiler:<\/h3>\n<div class=\"electro-description clearfix\">\n<table width=\"369\">\n<tbody>\n<tr>\n<td width=\"369\"><a href=\"https:\/\/natr.com.tr\/urun\/vitamin-ve-mineral\/\" target=\"_blank\" rel=\"noopener\">Vitamin ve Mineral (Super Complex) 4052<\/a><\/td>\n<\/tr>\n<tr>\n<td><a href=\"https:\/\/natr.com.tr\/urun\/sibirya-ginsengi-ve-5-htp\/\" target=\"_blank\" rel=\"noopener\">Sibirya Ginsengi ve 5-HTP (5HTP Power) 3088\u00a0<\/a><\/td>\n<\/tr>\n<tr>\n<td><a href=\"https:\/\/natr.com.tr\/urun\/magnezyum\/\">Magnezyum Kompleksi (Magnesium complex)-1859<\/a><\/td>\n<\/tr>\n<tr>\n<td><a href=\"https:\/\/natr.com.tr\/urun\/omega-3\/\">OMEGA 3 (Omega 3 EPA) 1609<\/a><\/td>\n<\/tr>\n<tr>\n<td><a href=\"https:\/\/natr.com.tr\/urun\/serbetciotu-hvp\/\" target=\"_blank\" rel=\"noopener\">\u015eERBET\u00c7\u0130OTU-HVP 940<\/a><\/td>\n<\/tr>\n<tr>\n<td><a href=\"https:\/\/natr.com.tr\/urun\/lesitin\/\" target=\"_blank\" rel=\"noopener\">Lesitin (Lecithin) 1661<\/a><\/td>\n<\/tr>\n<\/tbody>\n<\/table>\n<\/div>\n<p>[\/vc_column_text][\/vc_column][\/vc_row]<\/p>\n<\/div>","protected":false},"excerpt":{"rendered":"<ul>\n<li>\u00dcr\u00fcn stok bilgisi i\u00e7in l\u00fctfen aray\u0131n\u0131z.<\/li>\n<li>Takviye Edici G\u0131dad\u0131r.<\/li>\n<\/ul>\n","protected":false},"featured_media":1073,"template":"","meta":{"_acf_changed":false},"product_brand":[],"product_cat":[138],"product_tag":[72],"class_list":{"0":"post-964","1":"product","2":"type-product","3":"status-publish","4":"has-post-thumbnail","6":"product_cat-takviye-edici-gida","7":"product_tag-su-an-stokta","9":"first","10":"outofstock","11":"sale","12":"taxable","13":"shipping-taxable","14":"purchasable","15":"product-type-simple"},"acf":[],"_links":{"self":[{"href":"https:\/\/natr.com.tr\/ru\/wp-json\/wp\/v2\/product\/964","targetHints":{"allow":["GET"]}}],"collection":[{"href":"https:\/\/natr.com.tr\/ru\/wp-json\/wp\/v2\/product"}],"about":[{"href":"https:\/\/natr.com.tr\/ru\/wp-json\/wp\/v2\/types\/product"}],"wp:featuredmedia":[{"embeddable":true,"href":"https:\/\/natr.com.tr\/ru\/wp-json\/wp\/v2\/media\/1073"}],"wp:attachment":[{"href":"https:\/\/natr.com.tr\/ru\/wp-json\/wp\/v2\/media?parent=964"}],"wp:term":[{"taxonomy":"product_brand","embeddable":true,"href":"https:\/\/natr.com.tr\/ru\/wp-json\/wp\/v2\/product_brand?post=964"},{"taxonomy":"product_cat","embeddable":true,"href":"https:\/\/natr.com.tr\/ru\/wp-json\/wp\/v2\/product_cat?post=964"},{"taxonomy":"product_tag","embeddable":true,"href":"https:\/\/natr.com.tr\/ru\/wp-json\/wp\/v2\/product_tag?post=964"}],"curies":[{"name":"wp","href":"https:\/\/api.w.org\/{rel}","templated":true}]}}